{"id":3692,"date":"2023-05-19T23:17:03","date_gmt":"2023-05-19T21:17:03","guid":{"rendered":"https:\/\/endless.sk\/?post_type=product&#038;p=3692"},"modified":"2023-11-05T15:13:52","modified_gmt":"2023-11-05T14:13:52","slug":"modre-drevene-cisla-stolov","status":"publish","type":"product","link":"https:\/\/endless.sk\/en\/rental\/stolovanie\/cislovanie-stolov\/modre-drevene-cisla-stolov\/","title":{"rendered":"Modr\u00e9 dreven\u00e9 \u010d\u00edsla"},"content":{"rendered":"","protected":false},"excerpt":{"rendered":"","protected":false},"featured_media":2763,"template":"","meta":{"_acf_changed":false,"_exactmetrics_skip_tracking":false,"_exactmetrics_sitenote_active":false,"_exactmetrics_sitenote_note":"","_exactmetrics_sitenote_category":0},"product_brand":[],"product_cat":[41],"product_tag":[],"class_list":{"0":"post-3692","1":"product","2":"type-product","3":"status-publish","4":"has-post-thumbnail","6":"product_cat-cislovanie-stolov","8":"first","9":"instock","10":"shipping-taxable","11":"purchasable","12":"product-type-simple"},"supplier_id":null,"supplier_sku":"","barcode":null,"atum_controlled":true,"out_stock_date":null,"out_stock_threshold":null,"inheritable":false,"inbound_stock":0,"stock_on_hold":0,"sold_today":0,"sales_last_days":0,"reserved_stock":0,"customer_returns":0,"warehouse_damage":null,"lost_in_post":null,"other_logs":0,"out_stock_days":0,"lost_sales":0,"has_location":false,"update_date":"2026-04-30T03:40:50","atum_locations":[],"atum_stock_status":"instock","restock_status":false,"low_stock_amount":"","sales_update_date":"2026-04-30T03:40:50","calc_backorders":null,"acf":[],"yoast_head":"<!-- This site is optimized with the Yoast SEO plugin v27.0 - https:\/\/yoast.com\/product\/yoast-seo-wordpress\/ -->\n<title>Modr\u00e9 dreven\u00e9 \u010d\u00edsla &#8226; Endless<\/title>\n<meta name=\"robots\" content=\"index, follow, max-snippet:-1, max-image-preview:large, max-video-preview:-1\" \/>\n<link rel=\"canonical\" href=\"https:\/\/endless.sk\/en\/rental\/stolovanie\/cislovanie-stolov\/modre-drevene-cisla-stolov\/\" \/>\n<meta property=\"og:locale\" content=\"en_GB\" \/>\n<meta property=\"og:type\" content=\"article\" \/>\n<meta property=\"og:title\" content=\"Modr\u00e9 dreven\u00e9 \u010d\u00edsla &#8226; Endless\" \/>\n<meta property=\"og:url\" content=\"https:\/\/endless.sk\/en\/rental\/stolovanie\/cislovanie-stolov\/modre-drevene-cisla-stolov\/\" \/>\n<meta property=\"og:site_name\" content=\"Endless\" \/>\n<meta property=\"article:publisher\" content=\"https:\/\/www.facebook.com\/endlessweddingdecoration\/\" \/>\n<meta property=\"article:modified_time\" content=\"2023-11-05T14:13:52+00:00\" \/>\n<meta property=\"og:image\" content=\"https:\/\/endless.sk\/wp-content\/uploads\/2022\/11\/hostina_1050-\u2013-kopia-1-scaled.jpg\" \/>\n\t<meta property=\"og:image:width\" content=\"2560\" \/>\n\t<meta property=\"og:image:height\" content=\"1717\" \/>\n\t<meta property=\"og:image:type\" content=\"image\/jpeg\" \/>\n<meta name=\"twitter:card\" content=\"summary_large_image\" \/>\n<script type=\"application\/ld+json\" class=\"yoast-schema-graph\">{\"@context\":\"https:\/\/schema.org\",\"@graph\":[{\"@type\":\"WebPage\",\"@id\":\"https:\/\/endless.sk\/rental\/stolovanie\/cislovanie-stolov\/modre-drevene-cisla-stolov\/\",\"url\":\"https:\/\/endless.sk\/rental\/stolovanie\/cislovanie-stolov\/modre-drevene-cisla-stolov\/\",\"name\":\"Modr\u00e9 dreven\u00e9 \u010d\u00edsla &#8226; Endless\",\"isPartOf\":{\"@id\":\"https:\/\/endless.sk\/#website\"},\"primaryImageOfPage\":{\"@id\":\"https:\/\/endless.sk\/rental\/stolovanie\/cislovanie-stolov\/modre-drevene-cisla-stolov\/#primaryimage\"},\"image\":{\"@id\":\"https:\/\/endless.sk\/rental\/stolovanie\/cislovanie-stolov\/modre-drevene-cisla-stolov\/#primaryimage\"},\"thumbnailUrl\":\"https:\/\/endless.sk\/wp-content\/uploads\/2022\/11\/hostina_1050-\u2013-kopia-1-scaled.jpg\",\"datePublished\":\"2023-05-19T21:17:03+00:00\",\"dateModified\":\"2023-11-05T14:13:52+00:00\",\"breadcrumb\":{\"@id\":\"https:\/\/endless.sk\/rental\/stolovanie\/cislovanie-stolov\/modre-drevene-cisla-stolov\/#breadcrumb\"},\"inLanguage\":\"en-GB\",\"potentialAction\":[{\"@type\":\"ReadAction\",\"target\":[\"https:\/\/endless.sk\/rental\/stolovanie\/cislovanie-stolov\/modre-drevene-cisla-stolov\/\"]}]},{\"@type\":\"ImageObject\",\"inLanguage\":\"en-GB\",\"@id\":\"https:\/\/endless.sk\/rental\/stolovanie\/cislovanie-stolov\/modre-drevene-cisla-stolov\/#primaryimage\",\"url\":\"https:\/\/endless.sk\/wp-content\/uploads\/2022\/11\/hostina_1050-\u2013-kopia-1-scaled.jpg\",\"contentUrl\":\"https:\/\/endless.sk\/wp-content\/uploads\/2022\/11\/hostina_1050-\u2013-kopia-1-scaled.jpg\",\"width\":2560,\"height\":1717},{\"@type\":\"BreadcrumbList\",\"@id\":\"https:\/\/endless.sk\/rental\/stolovanie\/cislovanie-stolov\/modre-drevene-cisla-stolov\/#breadcrumb\",\"itemListElement\":[{\"@type\":\"ListItem\",\"position\":1,\"name\":\"Home\",\"item\":\"https:\/\/endless.sk\/\"},{\"@type\":\"ListItem\",\"position\":2,\"name\":\"PREN\u00c1JOM INVENT\u00c1RA\",\"item\":\"https:\/\/endless.sk\/prenajom-inventara\/\"},{\"@type\":\"ListItem\",\"position\":3,\"name\":\"Modr\u00e9 dreven\u00e9 \u010d\u00edsla\"}]},{\"@type\":\"WebSite\",\"@id\":\"https:\/\/endless.sk\/#website\",\"url\":\"https:\/\/endless.sk\/\",\"name\":\"ENDLESS\",\"description\":\"Svadobn\u00e1 agen\u00fatra\",\"publisher\":{\"@id\":\"https:\/\/endless.sk\/#organization\"},\"potentialAction\":[{\"@type\":\"SearchAction\",\"target\":{\"@type\":\"EntryPoint\",\"urlTemplate\":\"https:\/\/endless.sk\/?s={search_term_string}\"},\"query-input\":{\"@type\":\"PropertyValueSpecification\",\"valueRequired\":true,\"valueName\":\"search_term_string\"}}],\"inLanguage\":\"en-GB\"},{\"@type\":\"Organization\",\"@id\":\"https:\/\/endless.sk\/#organization\",\"name\":\"ENDLESS \u2022 Wedding & Event Decor\",\"url\":\"https:\/\/endless.sk\/\",\"logo\":{\"@type\":\"ImageObject\",\"inLanguage\":\"en-GB\",\"@id\":\"https:\/\/endless.sk\/#\/schema\/logo\/image\/\",\"url\":\"https:\/\/endless.sk\/wp-content\/uploads\/2020\/04\/Whole-logo-e1587150046273.jpg\",\"contentUrl\":\"https:\/\/endless.sk\/wp-content\/uploads\/2020\/04\/Whole-logo-e1587150046273.jpg\",\"width\":2422,\"height\":2246,\"caption\":\"ENDLESS \u2022 Wedding & Event Decor\"},\"image\":{\"@id\":\"https:\/\/endless.sk\/#\/schema\/logo\/image\/\"},\"sameAs\":[\"https:\/\/www.facebook.com\/endlessweddingdecoration\/\",\"https:\/\/www.instagram.com\/endless_weddingdecoration\/\"]}]}<\/script>\n<!-- \/ Yoast SEO plugin. -->","yoast_head_json":{"title":"Modr\u00e9 dreven\u00e9 \u010d\u00edsla &#8226; Endless","robots":{"index":"index","follow":"follow","max-snippet":"max-snippet:-1","max-image-preview":"max-image-preview:large","max-video-preview":"max-video-preview:-1"},"canonical":"https:\/\/endless.sk\/en\/rental\/stolovanie\/cislovanie-stolov\/modre-drevene-cisla-stolov\/","og_locale":"en_GB","og_type":"article","og_title":"Modr\u00e9 dreven\u00e9 \u010d\u00edsla &#8226; Endless","og_url":"https:\/\/endless.sk\/en\/rental\/stolovanie\/cislovanie-stolov\/modre-drevene-cisla-stolov\/","og_site_name":"Endless","article_publisher":"https:\/\/www.facebook.com\/endlessweddingdecoration\/","article_modified_time":"2023-11-05T14:13:52+00:00","og_image":[{"width":2560,"height":1717,"url":"https:\/\/endless.sk\/wp-content\/uploads\/2022\/11\/hostina_1050-\u2013-kopia-1-scaled.jpg","type":"image\/jpeg"}],"twitter_card":"summary_large_image","schema":{"@context":"https:\/\/schema.org","@graph":[{"@type":"WebPage","@id":"https:\/\/endless.sk\/rental\/stolovanie\/cislovanie-stolov\/modre-drevene-cisla-stolov\/","url":"https:\/\/endless.sk\/rental\/stolovanie\/cislovanie-stolov\/modre-drevene-cisla-stolov\/","name":"Modr\u00e9 dreven\u00e9 \u010d\u00edsla &#8226; Endless","isPartOf":{"@id":"https:\/\/endless.sk\/#website"},"primaryImageOfPage":{"@id":"https:\/\/endless.sk\/rental\/stolovanie\/cislovanie-stolov\/modre-drevene-cisla-stolov\/#primaryimage"},"image":{"@id":"https:\/\/endless.sk\/rental\/stolovanie\/cislovanie-stolov\/modre-drevene-cisla-stolov\/#primaryimage"},"thumbnailUrl":"https:\/\/endless.sk\/wp-content\/uploads\/2022\/11\/hostina_1050-\u2013-kopia-1-scaled.jpg","datePublished":"2023-05-19T21:17:03+00:00","dateModified":"2023-11-05T14:13:52+00:00","breadcrumb":{"@id":"https:\/\/endless.sk\/rental\/stolovanie\/cislovanie-stolov\/modre-drevene-cisla-stolov\/#breadcrumb"},"inLanguage":"en-GB","potentialAction":[{"@type":"ReadAction","target":["https:\/\/endless.sk\/rental\/stolovanie\/cislovanie-stolov\/modre-drevene-cisla-stolov\/"]}]},{"@type":"ImageObject","inLanguage":"en-GB","@id":"https:\/\/endless.sk\/rental\/stolovanie\/cislovanie-stolov\/modre-drevene-cisla-stolov\/#primaryimage","url":"https:\/\/endless.sk\/wp-content\/uploads\/2022\/11\/hostina_1050-\u2013-kopia-1-scaled.jpg","contentUrl":"https:\/\/endless.sk\/wp-content\/uploads\/2022\/11\/hostina_1050-\u2013-kopia-1-scaled.jpg","width":2560,"height":1717},{"@type":"BreadcrumbList","@id":"https:\/\/endless.sk\/rental\/stolovanie\/cislovanie-stolov\/modre-drevene-cisla-stolov\/#breadcrumb","itemListElement":[{"@type":"ListItem","position":1,"name":"Home","item":"https:\/\/endless.sk\/"},{"@type":"ListItem","position":2,"name":"PREN\u00c1JOM INVENT\u00c1RA","item":"https:\/\/endless.sk\/prenajom-inventara\/"},{"@type":"ListItem","position":3,"name":"Modr\u00e9 dreven\u00e9 \u010d\u00edsla"}]},{"@type":"WebSite","@id":"https:\/\/endless.sk\/#website","url":"https:\/\/endless.sk\/","name":"ENDLESS","description":"Svadobn\u00e1 agen\u00fatra","publisher":{"@id":"https:\/\/endless.sk\/#organization"},"potentialAction":[{"@type":"SearchAction","target":{"@type":"EntryPoint","urlTemplate":"https:\/\/endless.sk\/?s={search_term_string}"},"query-input":{"@type":"PropertyValueSpecification","valueRequired":true,"valueName":"search_term_string"}}],"inLanguage":"en-GB"},{"@type":"Organization","@id":"https:\/\/endless.sk\/#organization","name":"ENDLESS \u2022 Wedding & Event Decor","url":"https:\/\/endless.sk\/","logo":{"@type":"ImageObject","inLanguage":"en-GB","@id":"https:\/\/endless.sk\/#\/schema\/logo\/image\/","url":"https:\/\/endless.sk\/wp-content\/uploads\/2020\/04\/Whole-logo-e1587150046273.jpg","contentUrl":"https:\/\/endless.sk\/wp-content\/uploads\/2020\/04\/Whole-logo-e1587150046273.jpg","width":2422,"height":2246,"caption":"ENDLESS \u2022 Wedding & Event Decor"},"image":{"@id":"https:\/\/endless.sk\/#\/schema\/logo\/image\/"},"sameAs":["https:\/\/www.facebook.com\/endlessweddingdecoration\/","https:\/\/www.instagram.com\/endless_weddingdecoration\/"]}]}},"jetpack_sharing_enabled":true,"_links":{"self":[{"href":"https:\/\/endless.sk\/en\/wp-json\/wp\/v2\/product\/3692","targetHints":{"allow":["GET"]}}],"collection":[{"href":"https:\/\/endless.sk\/en\/wp-json\/wp\/v2\/product"}],"about":[{"href":"https:\/\/endless.sk\/en\/wp-json\/wp\/v2\/types\/product"}],"wp:featuredmedia":[{"embeddable":true,"href":"https:\/\/endless.sk\/en\/wp-json\/wp\/v2\/media\/2763"}],"wp:attachment":[{"href":"https:\/\/endless.sk\/en\/wp-json\/wp\/v2\/media?parent=3692"}],"wp:term":[{"taxonomy":"product_brand","embeddable":true,"href":"https:\/\/endless.sk\/en\/wp-json\/wp\/v2\/product_brand?post=3692"},{"taxonomy":"product_cat","embeddable":true,"href":"https:\/\/endless.sk\/en\/wp-json\/wp\/v2\/product_cat?post=3692"},{"taxonomy":"product_tag","embeddable":true,"href":"https:\/\/endless.sk\/en\/wp-json\/wp\/v2\/product_tag?post=3692"}],"curies":[{"name":"wp","href":"https:\/\/api.w.org\/{rel}","templated":true}]}}