{"id":4709,"date":"2023-11-01T19:52:22","date_gmt":"2023-11-01T18:52:22","guid":{"rendered":"https:\/\/endless.sk\/?post_type=product&#038;p=4709"},"modified":"2025-09-08T16:00:08","modified_gmt":"2025-09-08T14:00:08","slug":"klubovy-tanier-so-zlatym-lemom","status":"publish","type":"product","link":"https:\/\/endless.sk\/en\/rental\/stolovanie\/klubove-taniere\/klubovy-tanier-so-zlatym-lemom\/","title":{"rendered":"Klubov\u00fd tanier so zlat\u00fdm lemom"},"content":{"rendered":"<p>Materi\u00e1l: sklo<\/p>\n<p>Priemer: 32 cm<\/p>","protected":false},"excerpt":{"rendered":"<p>Materi\u00e1l: sklo Priemer: 32 cm<\/p>","protected":false},"featured_media":4710,"template":"","meta":{"_acf_changed":false,"_exactmetrics_skip_tracking":false,"_exactmetrics_sitenote_active":false,"_exactmetrics_sitenote_note":"","_exactmetrics_sitenote_category":0},"product_brand":[],"product_cat":[20],"product_tag":[],"class_list":{"0":"post-4709","1":"product","2":"type-product","3":"status-publish","4":"has-post-thumbnail","6":"product_cat-klubove-taniere","7":"product_shipping_class-doprava-endless","9":"first","10":"instock","11":"shipping-taxable","12":"purchasable","13":"product-type-simple"},"supplier_id":null,"supplier_sku":"","barcode":null,"atum_controlled":true,"out_stock_date":null,"out_stock_threshold":null,"inheritable":false,"inbound_stock":0,"stock_on_hold":0,"sold_today":0,"sales_last_days":0,"reserved_stock":0,"customer_returns":0,"warehouse_damage":0,"lost_in_post":0,"other_logs":0,"out_stock_days":0,"lost_sales":0,"has_location":true,"update_date":"2026-04-30T06:12:14","atum_locations":[{"id":81,"name":"Rack A","slug":"rack-a"},{"id":83,"name":"Right location","slug":"right-location"},{"id":82,"name":"Shelf 1","slug":"shelf-1"}],"atum_stock_status":"instock","restock_status":false,"low_stock_amount":"","sales_update_date":"2026-04-30T06:12:14","calc_backorders":null,"acf":[],"yoast_head":"<!-- This site is optimized with the Yoast SEO plugin v27.0 - https:\/\/yoast.com\/product\/yoast-seo-wordpress\/ -->\n<title>Klubov\u00fd tanier so zlat\u00fdm lemom &#8226; Endless<\/title>\n<meta name=\"robots\" content=\"index, follow, max-snippet:-1, max-image-preview:large, max-video-preview:-1\" \/>\n<link rel=\"canonical\" href=\"https:\/\/endless.sk\/en\/rental\/stolovanie\/klubove-taniere\/klubovy-tanier-so-zlatym-lemom\/\" \/>\n<meta property=\"og:locale\" content=\"en_GB\" \/>\n<meta property=\"og:type\" content=\"article\" \/>\n<meta property=\"og:title\" content=\"Klubov\u00fd tanier so zlat\u00fdm lemom &#8226; Endless\" \/>\n<meta property=\"og:description\" content=\"Materi\u00e1l: sklo Priemer: 32 cm\" \/>\n<meta property=\"og:url\" content=\"https:\/\/endless.sk\/en\/rental\/stolovanie\/klubove-taniere\/klubovy-tanier-so-zlatym-lemom\/\" \/>\n<meta property=\"og:site_name\" content=\"Endless\" \/>\n<meta property=\"article:publisher\" content=\"https:\/\/www.facebook.com\/endlessweddingdecoration\/\" \/>\n<meta property=\"article:modified_time\" content=\"2025-09-08T14:00:08+00:00\" \/>\n<meta property=\"og:image\" content=\"https:\/\/endless.sk\/wp-content\/uploads\/2023\/11\/Clear-gold-rim-glass-wedding-charger-plates-1.jpg\" \/>\n\t<meta property=\"og:image:width\" content=\"750\" \/>\n\t<meta property=\"og:image:height\" content=\"750\" \/>\n\t<meta property=\"og:image:type\" content=\"image\/jpeg\" \/>\n<meta name=\"twitter:card\" content=\"summary_large_image\" \/>\n<meta name=\"twitter:label1\" content=\"Estimated reading time\" \/>\n\t<meta name=\"twitter:data1\" content=\"1 minute\" \/>\n<script type=\"application\/ld+json\" class=\"yoast-schema-graph\">{\"@context\":\"https:\/\/schema.org\",\"@graph\":[{\"@type\":\"WebPage\",\"@id\":\"https:\/\/endless.sk\/rental\/stolovanie\/klubove-taniere\/klubovy-tanier-so-zlatym-lemom\/\",\"url\":\"https:\/\/endless.sk\/rental\/stolovanie\/klubove-taniere\/klubovy-tanier-so-zlatym-lemom\/\",\"name\":\"Klubov\u00fd tanier so zlat\u00fdm lemom &#8226; Endless\",\"isPartOf\":{\"@id\":\"https:\/\/endless.sk\/#website\"},\"primaryImageOfPage\":{\"@id\":\"https:\/\/endless.sk\/rental\/stolovanie\/klubove-taniere\/klubovy-tanier-so-zlatym-lemom\/#primaryimage\"},\"image\":{\"@id\":\"https:\/\/endless.sk\/rental\/stolovanie\/klubove-taniere\/klubovy-tanier-so-zlatym-lemom\/#primaryimage\"},\"thumbnailUrl\":\"https:\/\/endless.sk\/wp-content\/uploads\/2023\/11\/Clear-gold-rim-glass-wedding-charger-plates-1.jpg\",\"datePublished\":\"2023-11-01T18:52:22+00:00\",\"dateModified\":\"2025-09-08T14:00:08+00:00\",\"breadcrumb\":{\"@id\":\"https:\/\/endless.sk\/rental\/stolovanie\/klubove-taniere\/klubovy-tanier-so-zlatym-lemom\/#breadcrumb\"},\"inLanguage\":\"en-GB\",\"potentialAction\":[{\"@type\":\"ReadAction\",\"target\":[\"https:\/\/endless.sk\/rental\/stolovanie\/klubove-taniere\/klubovy-tanier-so-zlatym-lemom\/\"]}]},{\"@type\":\"ImageObject\",\"inLanguage\":\"en-GB\",\"@id\":\"https:\/\/endless.sk\/rental\/stolovanie\/klubove-taniere\/klubovy-tanier-so-zlatym-lemom\/#primaryimage\",\"url\":\"https:\/\/endless.sk\/wp-content\/uploads\/2023\/11\/Clear-gold-rim-glass-wedding-charger-plates-1.jpg\",\"contentUrl\":\"https:\/\/endless.sk\/wp-content\/uploads\/2023\/11\/Clear-gold-rim-glass-wedding-charger-plates-1.jpg\",\"width\":750,\"height\":750},{\"@type\":\"BreadcrumbList\",\"@id\":\"https:\/\/endless.sk\/rental\/stolovanie\/klubove-taniere\/klubovy-tanier-so-zlatym-lemom\/#breadcrumb\",\"itemListElement\":[{\"@type\":\"ListItem\",\"position\":1,\"name\":\"Home\",\"item\":\"https:\/\/endless.sk\/\"},{\"@type\":\"ListItem\",\"position\":2,\"name\":\"PREN\u00c1JOM INVENT\u00c1RA\",\"item\":\"https:\/\/endless.sk\/prenajom-inventara\/\"},{\"@type\":\"ListItem\",\"position\":3,\"name\":\"Klubov\u00fd tanier so zlat\u00fdm lemom\"}]},{\"@type\":\"WebSite\",\"@id\":\"https:\/\/endless.sk\/#website\",\"url\":\"https:\/\/endless.sk\/\",\"name\":\"ENDLESS\",\"description\":\"Svadobn\u00e1 agen\u00fatra\",\"publisher\":{\"@id\":\"https:\/\/endless.sk\/#organization\"},\"potentialAction\":[{\"@type\":\"SearchAction\",\"target\":{\"@type\":\"EntryPoint\",\"urlTemplate\":\"https:\/\/endless.sk\/?s={search_term_string}\"},\"query-input\":{\"@type\":\"PropertyValueSpecification\",\"valueRequired\":true,\"valueName\":\"search_term_string\"}}],\"inLanguage\":\"en-GB\"},{\"@type\":\"Organization\",\"@id\":\"https:\/\/endless.sk\/#organization\",\"name\":\"ENDLESS \u2022 Wedding & Event Decor\",\"url\":\"https:\/\/endless.sk\/\",\"logo\":{\"@type\":\"ImageObject\",\"inLanguage\":\"en-GB\",\"@id\":\"https:\/\/endless.sk\/#\/schema\/logo\/image\/\",\"url\":\"https:\/\/endless.sk\/wp-content\/uploads\/2020\/04\/Whole-logo-e1587150046273.jpg\",\"contentUrl\":\"https:\/\/endless.sk\/wp-content\/uploads\/2020\/04\/Whole-logo-e1587150046273.jpg\",\"width\":2422,\"height\":2246,\"caption\":\"ENDLESS \u2022 Wedding & Event Decor\"},\"image\":{\"@id\":\"https:\/\/endless.sk\/#\/schema\/logo\/image\/\"},\"sameAs\":[\"https:\/\/www.facebook.com\/endlessweddingdecoration\/\",\"https:\/\/www.instagram.com\/endless_weddingdecoration\/\"]}]}<\/script>\n<!-- \/ Yoast SEO plugin. -->","yoast_head_json":{"title":"Klubov\u00fd tanier so zlat\u00fdm lemom &#8226; Endless","robots":{"index":"index","follow":"follow","max-snippet":"max-snippet:-1","max-image-preview":"max-image-preview:large","max-video-preview":"max-video-preview:-1"},"canonical":"https:\/\/endless.sk\/en\/rental\/stolovanie\/klubove-taniere\/klubovy-tanier-so-zlatym-lemom\/","og_locale":"en_GB","og_type":"article","og_title":"Klubov\u00fd tanier so zlat\u00fdm lemom &#8226; Endless","og_description":"Materi\u00e1l: sklo Priemer: 32 cm","og_url":"https:\/\/endless.sk\/en\/rental\/stolovanie\/klubove-taniere\/klubovy-tanier-so-zlatym-lemom\/","og_site_name":"Endless","article_publisher":"https:\/\/www.facebook.com\/endlessweddingdecoration\/","article_modified_time":"2025-09-08T14:00:08+00:00","og_image":[{"width":750,"height":750,"url":"https:\/\/endless.sk\/wp-content\/uploads\/2023\/11\/Clear-gold-rim-glass-wedding-charger-plates-1.jpg","type":"image\/jpeg"}],"twitter_card":"summary_large_image","twitter_misc":{"Estimated reading time":"1 minute"},"schema":{"@context":"https:\/\/schema.org","@graph":[{"@type":"WebPage","@id":"https:\/\/endless.sk\/rental\/stolovanie\/klubove-taniere\/klubovy-tanier-so-zlatym-lemom\/","url":"https:\/\/endless.sk\/rental\/stolovanie\/klubove-taniere\/klubovy-tanier-so-zlatym-lemom\/","name":"Klubov\u00fd tanier so zlat\u00fdm lemom &#8226; Endless","isPartOf":{"@id":"https:\/\/endless.sk\/#website"},"primaryImageOfPage":{"@id":"https:\/\/endless.sk\/rental\/stolovanie\/klubove-taniere\/klubovy-tanier-so-zlatym-lemom\/#primaryimage"},"image":{"@id":"https:\/\/endless.sk\/rental\/stolovanie\/klubove-taniere\/klubovy-tanier-so-zlatym-lemom\/#primaryimage"},"thumbnailUrl":"https:\/\/endless.sk\/wp-content\/uploads\/2023\/11\/Clear-gold-rim-glass-wedding-charger-plates-1.jpg","datePublished":"2023-11-01T18:52:22+00:00","dateModified":"2025-09-08T14:00:08+00:00","breadcrumb":{"@id":"https:\/\/endless.sk\/rental\/stolovanie\/klubove-taniere\/klubovy-tanier-so-zlatym-lemom\/#breadcrumb"},"inLanguage":"en-GB","potentialAction":[{"@type":"ReadAction","target":["https:\/\/endless.sk\/rental\/stolovanie\/klubove-taniere\/klubovy-tanier-so-zlatym-lemom\/"]}]},{"@type":"ImageObject","inLanguage":"en-GB","@id":"https:\/\/endless.sk\/rental\/stolovanie\/klubove-taniere\/klubovy-tanier-so-zlatym-lemom\/#primaryimage","url":"https:\/\/endless.sk\/wp-content\/uploads\/2023\/11\/Clear-gold-rim-glass-wedding-charger-plates-1.jpg","contentUrl":"https:\/\/endless.sk\/wp-content\/uploads\/2023\/11\/Clear-gold-rim-glass-wedding-charger-plates-1.jpg","width":750,"height":750},{"@type":"BreadcrumbList","@id":"https:\/\/endless.sk\/rental\/stolovanie\/klubove-taniere\/klubovy-tanier-so-zlatym-lemom\/#breadcrumb","itemListElement":[{"@type":"ListItem","position":1,"name":"Home","item":"https:\/\/endless.sk\/"},{"@type":"ListItem","position":2,"name":"PREN\u00c1JOM INVENT\u00c1RA","item":"https:\/\/endless.sk\/prenajom-inventara\/"},{"@type":"ListItem","position":3,"name":"Klubov\u00fd tanier so zlat\u00fdm lemom"}]},{"@type":"WebSite","@id":"https:\/\/endless.sk\/#website","url":"https:\/\/endless.sk\/","name":"ENDLESS","description":"Svadobn\u00e1 agen\u00fatra","publisher":{"@id":"https:\/\/endless.sk\/#organization"},"potentialAction":[{"@type":"SearchAction","target":{"@type":"EntryPoint","urlTemplate":"https:\/\/endless.sk\/?s={search_term_string}"},"query-input":{"@type":"PropertyValueSpecification","valueRequired":true,"valueName":"search_term_string"}}],"inLanguage":"en-GB"},{"@type":"Organization","@id":"https:\/\/endless.sk\/#organization","name":"ENDLESS \u2022 Wedding & Event Decor","url":"https:\/\/endless.sk\/","logo":{"@type":"ImageObject","inLanguage":"en-GB","@id":"https:\/\/endless.sk\/#\/schema\/logo\/image\/","url":"https:\/\/endless.sk\/wp-content\/uploads\/2020\/04\/Whole-logo-e1587150046273.jpg","contentUrl":"https:\/\/endless.sk\/wp-content\/uploads\/2020\/04\/Whole-logo-e1587150046273.jpg","width":2422,"height":2246,"caption":"ENDLESS \u2022 Wedding & Event Decor"},"image":{"@id":"https:\/\/endless.sk\/#\/schema\/logo\/image\/"},"sameAs":["https:\/\/www.facebook.com\/endlessweddingdecoration\/","https:\/\/www.instagram.com\/endless_weddingdecoration\/"]}]}},"jetpack_sharing_enabled":true,"_links":{"self":[{"href":"https:\/\/endless.sk\/en\/wp-json\/wp\/v2\/product\/4709","targetHints":{"allow":["GET"]}}],"collection":[{"href":"https:\/\/endless.sk\/en\/wp-json\/wp\/v2\/product"}],"about":[{"href":"https:\/\/endless.sk\/en\/wp-json\/wp\/v2\/types\/product"}],"wp:featuredmedia":[{"embeddable":true,"href":"https:\/\/endless.sk\/en\/wp-json\/wp\/v2\/media\/4710"}],"wp:attachment":[{"href":"https:\/\/endless.sk\/en\/wp-json\/wp\/v2\/media?parent=4709"}],"wp:term":[{"taxonomy":"product_brand","embeddable":true,"href":"https:\/\/endless.sk\/en\/wp-json\/wp\/v2\/product_brand?post=4709"},{"taxonomy":"product_cat","embeddable":true,"href":"https:\/\/endless.sk\/en\/wp-json\/wp\/v2\/product_cat?post=4709"},{"taxonomy":"product_tag","embeddable":true,"href":"https:\/\/endless.sk\/en\/wp-json\/wp\/v2\/product_tag?post=4709"}],"curies":[{"name":"wp","href":"https:\/\/api.w.org\/{rel}","templated":true}]}}