{"id":5195,"date":"2024-03-20T14:46:00","date_gmt":"2024-03-20T13:46:00","guid":{"rendered":"https:\/\/endless.sk\/?post_type=product&#038;p=5195"},"modified":"2024-03-20T14:58:29","modified_gmt":"2024-03-20T13:58:29","slug":"svetelna-retaz-cierna-so-ziarovkami","status":"publish","type":"product","link":"https:\/\/endless.sk\/en\/rental\/technika-a-stropne-dekoracie\/svetelne_retaze\/svetelna-retaz-cierna-so-ziarovkami\/","title":{"rendered":"Sveteln\u00e1 re\u0165az \u010dierna so \u017eiarovkami"},"content":{"rendered":"<p>Rozmer: d\u013a\u017eka <span>6 m (20 ks \u017eiaroviek), priemer \u017eiarovky: 5 cm<\/span><\/p>\n<p>Rozmer nap\u00e1jacieho k\u00e1bla: 5 m<\/p>\n<p>Svetlo: tepl\u00e1 biela<\/p>\n<p>Materi\u00e1l: plast<\/p>\n<p>Re\u0165aze je mo\u017en\u00e9 nap\u00e1ja\u0165.<\/p>\n<p>EU 220 V<\/p>","protected":false},"excerpt":{"rendered":"<p>Rozmer: d\u013a\u017eka 6 m (20 ks \u017eiaroviek), priemer \u017eiarovky: 5 cm Rozmer nap\u00e1jacieho k\u00e1bla: 5 m Svetlo: tepl\u00e1 biela Materi\u00e1l: plast Re\u0165aze je mo\u017en\u00e9 nap\u00e1ja\u0165. EU 220 V<\/p>","protected":false},"featured_media":5196,"template":"","meta":{"_acf_changed":false,"_exactmetrics_skip_tracking":false,"_exactmetrics_sitenote_active":false,"_exactmetrics_sitenote_note":"","_exactmetrics_sitenote_category":0},"product_brand":[],"product_cat":[76],"product_tag":[],"class_list":{"0":"post-5195","1":"product","2":"type-product","3":"status-publish","4":"has-post-thumbnail","6":"product_cat-svetelne_retaze","7":"product_shipping_class-doprava-endless","9":"first","10":"instock","11":"shipping-taxable","12":"purchasable","13":"product-type-simple"},"supplier_id":null,"supplier_sku":"","barcode":null,"atum_controlled":true,"out_stock_date":null,"out_stock_threshold":null,"inheritable":false,"inbound_stock":0,"stock_on_hold":0,"sold_today":0,"sales_last_days":0,"reserved_stock":0,"customer_returns":0,"warehouse_damage":0,"lost_in_post":0,"other_logs":0,"out_stock_days":0,"lost_sales":0,"has_location":false,"update_date":"2026-04-30T03:40:49","atum_locations":[],"atum_stock_status":"instock","restock_status":false,"low_stock_amount":"","sales_update_date":"2026-04-30T03:40:49","calc_backorders":null,"acf":[],"yoast_head":"<!-- This site is optimized with the Yoast SEO plugin v27.0 - https:\/\/yoast.com\/product\/yoast-seo-wordpress\/ -->\n<title>Sveteln\u00e1 re\u0165az \u010dierna so \u017eiarovkami &#8226; Endless<\/title>\n<meta name=\"robots\" content=\"index, follow, max-snippet:-1, max-image-preview:large, max-video-preview:-1\" \/>\n<link rel=\"canonical\" href=\"https:\/\/endless.sk\/en\/rental\/technika-a-stropne-dekoracie\/svetelne_retaze\/svetelna-retaz-cierna-so-ziarovkami\/\" \/>\n<meta property=\"og:locale\" content=\"en_GB\" \/>\n<meta property=\"og:type\" content=\"article\" \/>\n<meta property=\"og:title\" content=\"Sveteln\u00e1 re\u0165az \u010dierna so \u017eiarovkami &#8226; Endless\" \/>\n<meta property=\"og:description\" content=\"Rozmer: d\u013a\u017eka 6 m (20 ks \u017eiaroviek), priemer \u017eiarovky: 5 cm Rozmer nap\u00e1jacieho k\u00e1bla: 5 m Svetlo: tepl\u00e1 biela Materi\u00e1l: plast Re\u0165aze je mo\u017en\u00e9 nap\u00e1ja\u0165. EU 220 V\" \/>\n<meta property=\"og:url\" content=\"https:\/\/endless.sk\/en\/rental\/technika-a-stropne-dekoracie\/svetelne_retaze\/svetelna-retaz-cierna-so-ziarovkami\/\" \/>\n<meta property=\"og:site_name\" content=\"Endless\" \/>\n<meta property=\"article:publisher\" content=\"https:\/\/www.facebook.com\/endlessweddingdecoration\/\" \/>\n<meta property=\"article:modified_time\" content=\"2024-03-20T13:58:29+00:00\" \/>\n<meta property=\"og:image\" content=\"https:\/\/endless.sk\/wp-content\/uploads\/2024\/03\/Svetelna-retaz-s-gulatymi-ziarovkami-2.jpg\" \/>\n\t<meta property=\"og:image:width\" content=\"1502\" \/>\n\t<meta property=\"og:image:height\" content=\"1118\" \/>\n\t<meta property=\"og:image:type\" content=\"image\/jpeg\" \/>\n<meta name=\"twitter:card\" content=\"summary_large_image\" \/>\n<meta name=\"twitter:label1\" content=\"Estimated reading time\" \/>\n\t<meta name=\"twitter:data1\" content=\"1 minute\" \/>\n<script type=\"application\/ld+json\" class=\"yoast-schema-graph\">{\"@context\":\"https:\/\/schema.org\",\"@graph\":[{\"@type\":\"WebPage\",\"@id\":\"https:\/\/endless.sk\/rental\/technika-a-stropne-dekoracie\/svetelne_retaze\/svetelna-retaz-cierna-so-ziarovkami\/\",\"url\":\"https:\/\/endless.sk\/rental\/technika-a-stropne-dekoracie\/svetelne_retaze\/svetelna-retaz-cierna-so-ziarovkami\/\",\"name\":\"Sveteln\u00e1 re\u0165az \u010dierna so \u017eiarovkami &#8226; Endless\",\"isPartOf\":{\"@id\":\"https:\/\/endless.sk\/#website\"},\"primaryImageOfPage\":{\"@id\":\"https:\/\/endless.sk\/rental\/technika-a-stropne-dekoracie\/svetelne_retaze\/svetelna-retaz-cierna-so-ziarovkami\/#primaryimage\"},\"image\":{\"@id\":\"https:\/\/endless.sk\/rental\/technika-a-stropne-dekoracie\/svetelne_retaze\/svetelna-retaz-cierna-so-ziarovkami\/#primaryimage\"},\"thumbnailUrl\":\"https:\/\/endless.sk\/wp-content\/uploads\/2024\/03\/Svetelna-retaz-s-gulatymi-ziarovkami-2.jpg\",\"datePublished\":\"2024-03-20T13:46:00+00:00\",\"dateModified\":\"2024-03-20T13:58:29+00:00\",\"breadcrumb\":{\"@id\":\"https:\/\/endless.sk\/rental\/technika-a-stropne-dekoracie\/svetelne_retaze\/svetelna-retaz-cierna-so-ziarovkami\/#breadcrumb\"},\"inLanguage\":\"en-GB\",\"potentialAction\":[{\"@type\":\"ReadAction\",\"target\":[\"https:\/\/endless.sk\/rental\/technika-a-stropne-dekoracie\/svetelne_retaze\/svetelna-retaz-cierna-so-ziarovkami\/\"]}]},{\"@type\":\"ImageObject\",\"inLanguage\":\"en-GB\",\"@id\":\"https:\/\/endless.sk\/rental\/technika-a-stropne-dekoracie\/svetelne_retaze\/svetelna-retaz-cierna-so-ziarovkami\/#primaryimage\",\"url\":\"https:\/\/endless.sk\/wp-content\/uploads\/2024\/03\/Svetelna-retaz-s-gulatymi-ziarovkami-2.jpg\",\"contentUrl\":\"https:\/\/endless.sk\/wp-content\/uploads\/2024\/03\/Svetelna-retaz-s-gulatymi-ziarovkami-2.jpg\",\"width\":1502,\"height\":1118},{\"@type\":\"BreadcrumbList\",\"@id\":\"https:\/\/endless.sk\/rental\/technika-a-stropne-dekoracie\/svetelne_retaze\/svetelna-retaz-cierna-so-ziarovkami\/#breadcrumb\",\"itemListElement\":[{\"@type\":\"ListItem\",\"position\":1,\"name\":\"Home\",\"item\":\"https:\/\/endless.sk\/\"},{\"@type\":\"ListItem\",\"position\":2,\"name\":\"PREN\u00c1JOM INVENT\u00c1RA\",\"item\":\"https:\/\/endless.sk\/prenajom-inventara\/\"},{\"@type\":\"ListItem\",\"position\":3,\"name\":\"Sveteln\u00e1 re\u0165az \u010dierna so \u017eiarovkami\"}]},{\"@type\":\"WebSite\",\"@id\":\"https:\/\/endless.sk\/#website\",\"url\":\"https:\/\/endless.sk\/\",\"name\":\"ENDLESS\",\"description\":\"Svadobn\u00e1 agen\u00fatra\",\"publisher\":{\"@id\":\"https:\/\/endless.sk\/#organization\"},\"potentialAction\":[{\"@type\":\"SearchAction\",\"target\":{\"@type\":\"EntryPoint\",\"urlTemplate\":\"https:\/\/endless.sk\/?s={search_term_string}\"},\"query-input\":{\"@type\":\"PropertyValueSpecification\",\"valueRequired\":true,\"valueName\":\"search_term_string\"}}],\"inLanguage\":\"en-GB\"},{\"@type\":\"Organization\",\"@id\":\"https:\/\/endless.sk\/#organization\",\"name\":\"ENDLESS \u2022 Wedding & Event Decor\",\"url\":\"https:\/\/endless.sk\/\",\"logo\":{\"@type\":\"ImageObject\",\"inLanguage\":\"en-GB\",\"@id\":\"https:\/\/endless.sk\/#\/schema\/logo\/image\/\",\"url\":\"https:\/\/endless.sk\/wp-content\/uploads\/2020\/04\/Whole-logo-e1587150046273.jpg\",\"contentUrl\":\"https:\/\/endless.sk\/wp-content\/uploads\/2020\/04\/Whole-logo-e1587150046273.jpg\",\"width\":2422,\"height\":2246,\"caption\":\"ENDLESS \u2022 Wedding & Event Decor\"},\"image\":{\"@id\":\"https:\/\/endless.sk\/#\/schema\/logo\/image\/\"},\"sameAs\":[\"https:\/\/www.facebook.com\/endlessweddingdecoration\/\",\"https:\/\/www.instagram.com\/endless_weddingdecoration\/\"]}]}<\/script>\n<!-- \/ Yoast SEO plugin. -->","yoast_head_json":{"title":"Sveteln\u00e1 re\u0165az \u010dierna so \u017eiarovkami &#8226; Endless","robots":{"index":"index","follow":"follow","max-snippet":"max-snippet:-1","max-image-preview":"max-image-preview:large","max-video-preview":"max-video-preview:-1"},"canonical":"https:\/\/endless.sk\/en\/rental\/technika-a-stropne-dekoracie\/svetelne_retaze\/svetelna-retaz-cierna-so-ziarovkami\/","og_locale":"en_GB","og_type":"article","og_title":"Sveteln\u00e1 re\u0165az \u010dierna so \u017eiarovkami &#8226; Endless","og_description":"Rozmer: d\u013a\u017eka 6 m (20 ks \u017eiaroviek), priemer \u017eiarovky: 5 cm Rozmer nap\u00e1jacieho k\u00e1bla: 5 m Svetlo: tepl\u00e1 biela Materi\u00e1l: plast Re\u0165aze je mo\u017en\u00e9 nap\u00e1ja\u0165. EU 220 V","og_url":"https:\/\/endless.sk\/en\/rental\/technika-a-stropne-dekoracie\/svetelne_retaze\/svetelna-retaz-cierna-so-ziarovkami\/","og_site_name":"Endless","article_publisher":"https:\/\/www.facebook.com\/endlessweddingdecoration\/","article_modified_time":"2024-03-20T13:58:29+00:00","og_image":[{"width":1502,"height":1118,"url":"https:\/\/endless.sk\/wp-content\/uploads\/2024\/03\/Svetelna-retaz-s-gulatymi-ziarovkami-2.jpg","type":"image\/jpeg"}],"twitter_card":"summary_large_image","twitter_misc":{"Estimated reading time":"1 minute"},"schema":{"@context":"https:\/\/schema.org","@graph":[{"@type":"WebPage","@id":"https:\/\/endless.sk\/rental\/technika-a-stropne-dekoracie\/svetelne_retaze\/svetelna-retaz-cierna-so-ziarovkami\/","url":"https:\/\/endless.sk\/rental\/technika-a-stropne-dekoracie\/svetelne_retaze\/svetelna-retaz-cierna-so-ziarovkami\/","name":"Sveteln\u00e1 re\u0165az \u010dierna so \u017eiarovkami &#8226; Endless","isPartOf":{"@id":"https:\/\/endless.sk\/#website"},"primaryImageOfPage":{"@id":"https:\/\/endless.sk\/rental\/technika-a-stropne-dekoracie\/svetelne_retaze\/svetelna-retaz-cierna-so-ziarovkami\/#primaryimage"},"image":{"@id":"https:\/\/endless.sk\/rental\/technika-a-stropne-dekoracie\/svetelne_retaze\/svetelna-retaz-cierna-so-ziarovkami\/#primaryimage"},"thumbnailUrl":"https:\/\/endless.sk\/wp-content\/uploads\/2024\/03\/Svetelna-retaz-s-gulatymi-ziarovkami-2.jpg","datePublished":"2024-03-20T13:46:00+00:00","dateModified":"2024-03-20T13:58:29+00:00","breadcrumb":{"@id":"https:\/\/endless.sk\/rental\/technika-a-stropne-dekoracie\/svetelne_retaze\/svetelna-retaz-cierna-so-ziarovkami\/#breadcrumb"},"inLanguage":"en-GB","potentialAction":[{"@type":"ReadAction","target":["https:\/\/endless.sk\/rental\/technika-a-stropne-dekoracie\/svetelne_retaze\/svetelna-retaz-cierna-so-ziarovkami\/"]}]},{"@type":"ImageObject","inLanguage":"en-GB","@id":"https:\/\/endless.sk\/rental\/technika-a-stropne-dekoracie\/svetelne_retaze\/svetelna-retaz-cierna-so-ziarovkami\/#primaryimage","url":"https:\/\/endless.sk\/wp-content\/uploads\/2024\/03\/Svetelna-retaz-s-gulatymi-ziarovkami-2.jpg","contentUrl":"https:\/\/endless.sk\/wp-content\/uploads\/2024\/03\/Svetelna-retaz-s-gulatymi-ziarovkami-2.jpg","width":1502,"height":1118},{"@type":"BreadcrumbList","@id":"https:\/\/endless.sk\/rental\/technika-a-stropne-dekoracie\/svetelne_retaze\/svetelna-retaz-cierna-so-ziarovkami\/#breadcrumb","itemListElement":[{"@type":"ListItem","position":1,"name":"Home","item":"https:\/\/endless.sk\/"},{"@type":"ListItem","position":2,"name":"PREN\u00c1JOM INVENT\u00c1RA","item":"https:\/\/endless.sk\/prenajom-inventara\/"},{"@type":"ListItem","position":3,"name":"Sveteln\u00e1 re\u0165az \u010dierna so \u017eiarovkami"}]},{"@type":"WebSite","@id":"https:\/\/endless.sk\/#website","url":"https:\/\/endless.sk\/","name":"ENDLESS","description":"Svadobn\u00e1 agen\u00fatra","publisher":{"@id":"https:\/\/endless.sk\/#organization"},"potentialAction":[{"@type":"SearchAction","target":{"@type":"EntryPoint","urlTemplate":"https:\/\/endless.sk\/?s={search_term_string}"},"query-input":{"@type":"PropertyValueSpecification","valueRequired":true,"valueName":"search_term_string"}}],"inLanguage":"en-GB"},{"@type":"Organization","@id":"https:\/\/endless.sk\/#organization","name":"ENDLESS \u2022 Wedding & Event Decor","url":"https:\/\/endless.sk\/","logo":{"@type":"ImageObject","inLanguage":"en-GB","@id":"https:\/\/endless.sk\/#\/schema\/logo\/image\/","url":"https:\/\/endless.sk\/wp-content\/uploads\/2020\/04\/Whole-logo-e1587150046273.jpg","contentUrl":"https:\/\/endless.sk\/wp-content\/uploads\/2020\/04\/Whole-logo-e1587150046273.jpg","width":2422,"height":2246,"caption":"ENDLESS \u2022 Wedding & Event Decor"},"image":{"@id":"https:\/\/endless.sk\/#\/schema\/logo\/image\/"},"sameAs":["https:\/\/www.facebook.com\/endlessweddingdecoration\/","https:\/\/www.instagram.com\/endless_weddingdecoration\/"]}]}},"jetpack_sharing_enabled":true,"_links":{"self":[{"href":"https:\/\/endless.sk\/en\/wp-json\/wp\/v2\/product\/5195","targetHints":{"allow":["GET"]}}],"collection":[{"href":"https:\/\/endless.sk\/en\/wp-json\/wp\/v2\/product"}],"about":[{"href":"https:\/\/endless.sk\/en\/wp-json\/wp\/v2\/types\/product"}],"wp:featuredmedia":[{"embeddable":true,"href":"https:\/\/endless.sk\/en\/wp-json\/wp\/v2\/media\/5196"}],"wp:attachment":[{"href":"https:\/\/endless.sk\/en\/wp-json\/wp\/v2\/media?parent=5195"}],"wp:term":[{"taxonomy":"product_brand","embeddable":true,"href":"https:\/\/endless.sk\/en\/wp-json\/wp\/v2\/product_brand?post=5195"},{"taxonomy":"product_cat","embeddable":true,"href":"https:\/\/endless.sk\/en\/wp-json\/wp\/v2\/product_cat?post=5195"},{"taxonomy":"product_tag","embeddable":true,"href":"https:\/\/endless.sk\/en\/wp-json\/wp\/v2\/product_tag?post=5195"}],"curies":[{"name":"wp","href":"https:\/\/api.w.org\/{rel}","templated":true}]}}