{"id":5415,"date":"2025-01-21T12:29:17","date_gmt":"2025-01-21T11:29:17","guid":{"rendered":"https:\/\/endless.sk\/?post_type=product&#038;p=5415"},"modified":"2025-03-16T12:13:46","modified_gmt":"2025-03-16T11:13:46","slug":"konstrukcia-na-zastenu","status":"publish","type":"product","link":"https:\/\/endless.sk\/en\/rental\/konstrukcie-a-mobiliar\/konstrukcie\/konstrukcia-na-zastenu\/","title":{"rendered":"Kon\u0161trukcia na z\u00e1stenu"},"content":{"rendered":"<p>Pevn\u00e1 okr\u00fahla kon\u0161trukcia pre obrady alebo fotostenu. Na kon\u0161trukciu je mo\u017en\u00e9 \u013eahko natiahnu\u0165 l\u00e1tky, svetielka.<\/p>\n<p>Nastavite\u013en\u00e1 v\u00fd\u0161ka od 1,80 - 3 m<\/p>\n<p>Nastavite\u013en\u00e1 \u0161\u00edrka: 1,80 - 3 m<\/p>\n<p>Materi\u00e1l: hlin\u00edk<\/p>\n<p>Max rozmery: 3 x 3 m (\u0160xV)<\/p>\n<p>Pre pou\u017eitie v\u00e4\u010d\u0161\u00edch rozmerov napr. 3 x 6 m n\u00e1s pros\u00edm kontaktujte emailom.<\/p>","protected":false},"excerpt":{"rendered":"<p>Pevn\u00e1 okr\u00fahla kon\u0161trukcia pre obrady alebo fotostenu. Na kon\u0161trukciu je mo\u017en\u00e9 \u013eahko natiahnu\u0165 l\u00e1tky, svetielka. Nastavite\u013en\u00e1 v\u00fd\u0161ka od 1,80 - 3 m Nastavite\u013en\u00e1 \u0161\u00edrka: 1,80 - 3 m Materi\u00e1l: hlin\u00edk Max rozmery: 3 x 3 m (\u0160xV) Pre pou\u017eitie v\u00e4\u010d\u0161\u00edch rozmerov napr. 3 x 6 m n\u00e1s pros\u00edm kontaktujte emailom.<\/p>","protected":false},"featured_media":5416,"template":"","meta":{"_acf_changed":false,"_exactmetrics_skip_tracking":false,"_exactmetrics_sitenote_active":false,"_exactmetrics_sitenote_note":"","_exactmetrics_sitenote_category":0},"product_brand":[],"product_cat":[48],"product_tag":[],"class_list":{"0":"post-5415","1":"product","2":"type-product","3":"status-publish","4":"has-post-thumbnail","6":"product_cat-konstrukcie","8":"first","9":"instock","10":"shipping-taxable","11":"purchasable","12":"product-type-simple"},"supplier_id":null,"supplier_sku":"","barcode":null,"atum_controlled":true,"out_stock_date":null,"out_stock_threshold":null,"inheritable":false,"inbound_stock":0,"stock_on_hold":0,"sold_today":0,"sales_last_days":0,"reserved_stock":0,"customer_returns":0,"warehouse_damage":0,"lost_in_post":0,"other_logs":0,"out_stock_days":0,"lost_sales":0,"has_location":false,"update_date":"2026-04-29T03:40:22","atum_locations":[],"atum_stock_status":"instock","restock_status":false,"low_stock_amount":"","sales_update_date":"2026-04-29T03:40:22","calc_backorders":null,"acf":[],"yoast_head":"<!-- This site is optimized with the Yoast SEO plugin v27.0 - https:\/\/yoast.com\/product\/yoast-seo-wordpress\/ -->\n<title>Kon\u0161trukcia na z\u00e1stenu &#8226; Endless<\/title>\n<meta name=\"robots\" content=\"index, follow, max-snippet:-1, max-image-preview:large, max-video-preview:-1\" \/>\n<link rel=\"canonical\" href=\"https:\/\/endless.sk\/en\/rental\/konstrukcie-a-mobiliar\/konstrukcie\/konstrukcia-na-zastenu\/\" \/>\n<meta property=\"og:locale\" content=\"en_GB\" \/>\n<meta property=\"og:type\" content=\"article\" \/>\n<meta property=\"og:title\" content=\"Kon\u0161trukcia na z\u00e1stenu &#8226; Endless\" \/>\n<meta property=\"og:description\" content=\"Pevn\u00e1 okr\u00fahla kon\u0161trukcia pre obrady alebo fotostenu. Na kon\u0161trukciu je mo\u017en\u00e9 \u013eahko natiahnu\u0165 l\u00e1tky, svetielka. Nastavite\u013en\u00e1 v\u00fd\u0161ka od 1,80 - 3 m Nastavite\u013en\u00e1 \u0161\u00edrka: 1,80 - 3 m Materi\u00e1l: hlin\u00edk Max rozmery: 3 x 3 m (\u0160xV) Pre pou\u017eitie v\u00e4\u010d\u0161\u00edch rozmerov napr. 3 x 6 m n\u00e1s pros\u00edm kontaktujte emailom.\" \/>\n<meta property=\"og:url\" content=\"https:\/\/endless.sk\/en\/rental\/konstrukcie-a-mobiliar\/konstrukcie\/konstrukcia-na-zastenu\/\" \/>\n<meta property=\"og:site_name\" content=\"Endless\" \/>\n<meta property=\"article:publisher\" content=\"https:\/\/www.facebook.com\/endlessweddingdecoration\/\" \/>\n<meta property=\"article:modified_time\" content=\"2025-03-16T11:13:46+00:00\" \/>\n<meta property=\"og:image\" content=\"https:\/\/endless.sk\/wp-content\/uploads\/2025\/01\/Konstrukcia_zastena.jpg\" \/>\n\t<meta property=\"og:image:width\" content=\"754\" \/>\n\t<meta property=\"og:image:height\" content=\"802\" \/>\n\t<meta property=\"og:image:type\" content=\"image\/jpeg\" \/>\n<meta name=\"twitter:card\" content=\"summary_large_image\" \/>\n<meta name=\"twitter:label1\" content=\"Estimated reading time\" \/>\n\t<meta name=\"twitter:data1\" content=\"1 minute\" \/>\n<script type=\"application\/ld+json\" class=\"yoast-schema-graph\">{\"@context\":\"https:\/\/schema.org\",\"@graph\":[{\"@type\":\"WebPage\",\"@id\":\"https:\/\/endless.sk\/rental\/konstrukcie-a-mobiliar\/konstrukcie\/konstrukcia-na-zastenu\/\",\"url\":\"https:\/\/endless.sk\/rental\/konstrukcie-a-mobiliar\/konstrukcie\/konstrukcia-na-zastenu\/\",\"name\":\"Kon\u0161trukcia na z\u00e1stenu &#8226; Endless\",\"isPartOf\":{\"@id\":\"https:\/\/endless.sk\/#website\"},\"primaryImageOfPage\":{\"@id\":\"https:\/\/endless.sk\/rental\/konstrukcie-a-mobiliar\/konstrukcie\/konstrukcia-na-zastenu\/#primaryimage\"},\"image\":{\"@id\":\"https:\/\/endless.sk\/rental\/konstrukcie-a-mobiliar\/konstrukcie\/konstrukcia-na-zastenu\/#primaryimage\"},\"thumbnailUrl\":\"https:\/\/endless.sk\/wp-content\/uploads\/2025\/01\/Konstrukcia_zastena.jpg\",\"datePublished\":\"2025-01-21T11:29:17+00:00\",\"dateModified\":\"2025-03-16T11:13:46+00:00\",\"breadcrumb\":{\"@id\":\"https:\/\/endless.sk\/rental\/konstrukcie-a-mobiliar\/konstrukcie\/konstrukcia-na-zastenu\/#breadcrumb\"},\"inLanguage\":\"en-GB\",\"potentialAction\":[{\"@type\":\"ReadAction\",\"target\":[\"https:\/\/endless.sk\/rental\/konstrukcie-a-mobiliar\/konstrukcie\/konstrukcia-na-zastenu\/\"]}]},{\"@type\":\"ImageObject\",\"inLanguage\":\"en-GB\",\"@id\":\"https:\/\/endless.sk\/rental\/konstrukcie-a-mobiliar\/konstrukcie\/konstrukcia-na-zastenu\/#primaryimage\",\"url\":\"https:\/\/endless.sk\/wp-content\/uploads\/2025\/01\/Konstrukcia_zastena.jpg\",\"contentUrl\":\"https:\/\/endless.sk\/wp-content\/uploads\/2025\/01\/Konstrukcia_zastena.jpg\",\"width\":754,\"height\":802},{\"@type\":\"BreadcrumbList\",\"@id\":\"https:\/\/endless.sk\/rental\/konstrukcie-a-mobiliar\/konstrukcie\/konstrukcia-na-zastenu\/#breadcrumb\",\"itemListElement\":[{\"@type\":\"ListItem\",\"position\":1,\"name\":\"Home\",\"item\":\"https:\/\/endless.sk\/\"},{\"@type\":\"ListItem\",\"position\":2,\"name\":\"PREN\u00c1JOM INVENT\u00c1RA\",\"item\":\"https:\/\/endless.sk\/prenajom-inventara\/\"},{\"@type\":\"ListItem\",\"position\":3,\"name\":\"Kon\u0161trukcia na z\u00e1stenu\"}]},{\"@type\":\"WebSite\",\"@id\":\"https:\/\/endless.sk\/#website\",\"url\":\"https:\/\/endless.sk\/\",\"name\":\"ENDLESS\",\"description\":\"Svadobn\u00e1 agen\u00fatra\",\"publisher\":{\"@id\":\"https:\/\/endless.sk\/#organization\"},\"potentialAction\":[{\"@type\":\"SearchAction\",\"target\":{\"@type\":\"EntryPoint\",\"urlTemplate\":\"https:\/\/endless.sk\/?s={search_term_string}\"},\"query-input\":{\"@type\":\"PropertyValueSpecification\",\"valueRequired\":true,\"valueName\":\"search_term_string\"}}],\"inLanguage\":\"en-GB\"},{\"@type\":\"Organization\",\"@id\":\"https:\/\/endless.sk\/#organization\",\"name\":\"ENDLESS \u2022 Wedding & Event Decor\",\"url\":\"https:\/\/endless.sk\/\",\"logo\":{\"@type\":\"ImageObject\",\"inLanguage\":\"en-GB\",\"@id\":\"https:\/\/endless.sk\/#\/schema\/logo\/image\/\",\"url\":\"https:\/\/endless.sk\/wp-content\/uploads\/2020\/04\/Whole-logo-e1587150046273.jpg\",\"contentUrl\":\"https:\/\/endless.sk\/wp-content\/uploads\/2020\/04\/Whole-logo-e1587150046273.jpg\",\"width\":2422,\"height\":2246,\"caption\":\"ENDLESS \u2022 Wedding & Event Decor\"},\"image\":{\"@id\":\"https:\/\/endless.sk\/#\/schema\/logo\/image\/\"},\"sameAs\":[\"https:\/\/www.facebook.com\/endlessweddingdecoration\/\",\"https:\/\/www.instagram.com\/endless_weddingdecoration\/\"]}]}<\/script>\n<!-- \/ Yoast SEO plugin. -->","yoast_head_json":{"title":"Kon\u0161trukcia na z\u00e1stenu &#8226; Endless","robots":{"index":"index","follow":"follow","max-snippet":"max-snippet:-1","max-image-preview":"max-image-preview:large","max-video-preview":"max-video-preview:-1"},"canonical":"https:\/\/endless.sk\/en\/rental\/konstrukcie-a-mobiliar\/konstrukcie\/konstrukcia-na-zastenu\/","og_locale":"en_GB","og_type":"article","og_title":"Kon\u0161trukcia na z\u00e1stenu &#8226; Endless","og_description":"Pevn\u00e1 okr\u00fahla kon\u0161trukcia pre obrady alebo fotostenu. Na kon\u0161trukciu je mo\u017en\u00e9 \u013eahko natiahnu\u0165 l\u00e1tky, svetielka. Nastavite\u013en\u00e1 v\u00fd\u0161ka od 1,80 - 3 m Nastavite\u013en\u00e1 \u0161\u00edrka: 1,80 - 3 m Materi\u00e1l: hlin\u00edk Max rozmery: 3 x 3 m (\u0160xV) Pre pou\u017eitie v\u00e4\u010d\u0161\u00edch rozmerov napr. 3 x 6 m n\u00e1s pros\u00edm kontaktujte emailom.","og_url":"https:\/\/endless.sk\/en\/rental\/konstrukcie-a-mobiliar\/konstrukcie\/konstrukcia-na-zastenu\/","og_site_name":"Endless","article_publisher":"https:\/\/www.facebook.com\/endlessweddingdecoration\/","article_modified_time":"2025-03-16T11:13:46+00:00","og_image":[{"width":754,"height":802,"url":"https:\/\/endless.sk\/wp-content\/uploads\/2025\/01\/Konstrukcia_zastena.jpg","type":"image\/jpeg"}],"twitter_card":"summary_large_image","twitter_misc":{"Estimated reading time":"1 minute"},"schema":{"@context":"https:\/\/schema.org","@graph":[{"@type":"WebPage","@id":"https:\/\/endless.sk\/rental\/konstrukcie-a-mobiliar\/konstrukcie\/konstrukcia-na-zastenu\/","url":"https:\/\/endless.sk\/rental\/konstrukcie-a-mobiliar\/konstrukcie\/konstrukcia-na-zastenu\/","name":"Kon\u0161trukcia na z\u00e1stenu &#8226; Endless","isPartOf":{"@id":"https:\/\/endless.sk\/#website"},"primaryImageOfPage":{"@id":"https:\/\/endless.sk\/rental\/konstrukcie-a-mobiliar\/konstrukcie\/konstrukcia-na-zastenu\/#primaryimage"},"image":{"@id":"https:\/\/endless.sk\/rental\/konstrukcie-a-mobiliar\/konstrukcie\/konstrukcia-na-zastenu\/#primaryimage"},"thumbnailUrl":"https:\/\/endless.sk\/wp-content\/uploads\/2025\/01\/Konstrukcia_zastena.jpg","datePublished":"2025-01-21T11:29:17+00:00","dateModified":"2025-03-16T11:13:46+00:00","breadcrumb":{"@id":"https:\/\/endless.sk\/rental\/konstrukcie-a-mobiliar\/konstrukcie\/konstrukcia-na-zastenu\/#breadcrumb"},"inLanguage":"en-GB","potentialAction":[{"@type":"ReadAction","target":["https:\/\/endless.sk\/rental\/konstrukcie-a-mobiliar\/konstrukcie\/konstrukcia-na-zastenu\/"]}]},{"@type":"ImageObject","inLanguage":"en-GB","@id":"https:\/\/endless.sk\/rental\/konstrukcie-a-mobiliar\/konstrukcie\/konstrukcia-na-zastenu\/#primaryimage","url":"https:\/\/endless.sk\/wp-content\/uploads\/2025\/01\/Konstrukcia_zastena.jpg","contentUrl":"https:\/\/endless.sk\/wp-content\/uploads\/2025\/01\/Konstrukcia_zastena.jpg","width":754,"height":802},{"@type":"BreadcrumbList","@id":"https:\/\/endless.sk\/rental\/konstrukcie-a-mobiliar\/konstrukcie\/konstrukcia-na-zastenu\/#breadcrumb","itemListElement":[{"@type":"ListItem","position":1,"name":"Home","item":"https:\/\/endless.sk\/"},{"@type":"ListItem","position":2,"name":"PREN\u00c1JOM INVENT\u00c1RA","item":"https:\/\/endless.sk\/prenajom-inventara\/"},{"@type":"ListItem","position":3,"name":"Kon\u0161trukcia na z\u00e1stenu"}]},{"@type":"WebSite","@id":"https:\/\/endless.sk\/#website","url":"https:\/\/endless.sk\/","name":"ENDLESS","description":"Svadobn\u00e1 agen\u00fatra","publisher":{"@id":"https:\/\/endless.sk\/#organization"},"potentialAction":[{"@type":"SearchAction","target":{"@type":"EntryPoint","urlTemplate":"https:\/\/endless.sk\/?s={search_term_string}"},"query-input":{"@type":"PropertyValueSpecification","valueRequired":true,"valueName":"search_term_string"}}],"inLanguage":"en-GB"},{"@type":"Organization","@id":"https:\/\/endless.sk\/#organization","name":"ENDLESS \u2022 Wedding & Event Decor","url":"https:\/\/endless.sk\/","logo":{"@type":"ImageObject","inLanguage":"en-GB","@id":"https:\/\/endless.sk\/#\/schema\/logo\/image\/","url":"https:\/\/endless.sk\/wp-content\/uploads\/2020\/04\/Whole-logo-e1587150046273.jpg","contentUrl":"https:\/\/endless.sk\/wp-content\/uploads\/2020\/04\/Whole-logo-e1587150046273.jpg","width":2422,"height":2246,"caption":"ENDLESS \u2022 Wedding & Event Decor"},"image":{"@id":"https:\/\/endless.sk\/#\/schema\/logo\/image\/"},"sameAs":["https:\/\/www.facebook.com\/endlessweddingdecoration\/","https:\/\/www.instagram.com\/endless_weddingdecoration\/"]}]}},"jetpack_sharing_enabled":true,"_links":{"self":[{"href":"https:\/\/endless.sk\/en\/wp-json\/wp\/v2\/product\/5415","targetHints":{"allow":["GET"]}}],"collection":[{"href":"https:\/\/endless.sk\/en\/wp-json\/wp\/v2\/product"}],"about":[{"href":"https:\/\/endless.sk\/en\/wp-json\/wp\/v2\/types\/product"}],"wp:featuredmedia":[{"embeddable":true,"href":"https:\/\/endless.sk\/en\/wp-json\/wp\/v2\/media\/5416"}],"wp:attachment":[{"href":"https:\/\/endless.sk\/en\/wp-json\/wp\/v2\/media?parent=5415"}],"wp:term":[{"taxonomy":"product_brand","embeddable":true,"href":"https:\/\/endless.sk\/en\/wp-json\/wp\/v2\/product_brand?post=5415"},{"taxonomy":"product_cat","embeddable":true,"href":"https:\/\/endless.sk\/en\/wp-json\/wp\/v2\/product_cat?post=5415"},{"taxonomy":"product_tag","embeddable":true,"href":"https:\/\/endless.sk\/en\/wp-json\/wp\/v2\/product_tag?post=5415"}],"curies":[{"name":"wp","href":"https:\/\/api.w.org\/{rel}","templated":true}]}}