{"id":5762,"date":"2025-09-18T18:36:41","date_gmt":"2025-09-18T16:36:41","guid":{"rendered":"https:\/\/endless.sk\/?post_type=product&#038;p=5762"},"modified":"2026-04-07T14:31:42","modified_gmt":"2026-04-07T12:31:42","slug":"biela-stolicka-koya-velvet","status":"publish","type":"product","link":"https:\/\/endless.sk\/en\/rental\/konstrukcie-a-mobiliar\/stolicky\/biela-stolicka-koya-velvet\/","title":{"rendered":"Biela\/ru\u017eov\u00e1 stoli\u010dka velvet"},"content":{"rendered":"<p>\u0160t\u00fdlov\u00e1 stoli\u010dka s pr\u00e9miov\u00fdm zamatov\u00fdm \u010dal\u00fanen\u00edm. Kon\u0161trukcia: nerezov\u00e1 oce\u013e - zlat\u00e1.<\/p>\n<p>Farba po\u0165ahu: Biela 120 ks, Ru\u017eov\u00e1 90 ks<\/p>\n<p>Rozmery: 50x50x77 cm<\/p>\n<p>Stoli\u010dky je mo\u017en\u00e9 objedna\u0165 len s dopravou a mont\u00e1\u017eou Endless.<\/p>\n<p>Do pozn\u00e1mky pros\u00edm uve\u010fte farbu po\u0165ahu.<\/p>","protected":false},"excerpt":{"rendered":"<p>\u0160t\u00fdlov\u00e1 stoli\u010dka s pr\u00e9miov\u00fdm zamatov\u00fdm \u010dal\u00fanen\u00edm. Kon\u0161trukcia: nerezov\u00e1 oce\u013e - zlat\u00e1. Farba po\u0165ahu: Biela 120 ks, Ru\u017eov\u00e1 90 ks Rozmery: 50x50x77 cm Stoli\u010dky je mo\u017en\u00e9 objedna\u0165 len s dopravou a mont\u00e1\u017eou Endless. Do pozn\u00e1mky pros\u00edm uve\u010fte farbu po\u0165ahu.<\/p>","protected":false},"featured_media":6570,"template":"","meta":{"_acf_changed":false,"_exactmetrics_skip_tracking":false,"_exactmetrics_sitenote_active":false,"_exactmetrics_sitenote_note":"","_exactmetrics_sitenote_category":0},"product_brand":[],"product_cat":[38],"product_tag":[],"class_list":{"0":"post-5762","1":"product","2":"type-product","3":"status-publish","4":"has-post-thumbnail","6":"product_cat-stolicky","8":"first","9":"instock","10":"shipping-taxable","11":"purchasable","12":"product-type-simple"},"supplier_id":null,"supplier_sku":"","barcode":null,"atum_controlled":true,"out_stock_date":null,"out_stock_threshold":null,"inheritable":false,"inbound_stock":null,"stock_on_hold":0,"sold_today":0,"sales_last_days":0,"reserved_stock":null,"customer_returns":null,"warehouse_damage":null,"lost_in_post":null,"other_logs":null,"out_stock_days":0,"lost_sales":0,"has_location":false,"update_date":"2026-04-30T03:40:51","atum_locations":[],"atum_stock_status":"instock","restock_status":false,"low_stock_amount":"","sales_update_date":"2026-04-30T03:40:51","calc_backorders":null,"acf":[],"yoast_head":"<!-- This site is optimized with the Yoast SEO plugin v27.0 - https:\/\/yoast.com\/product\/yoast-seo-wordpress\/ -->\n<title>Biela\/ru\u017eov\u00e1 stoli\u010dka velvet &#8226; Endless<\/title>\n<meta name=\"description\" content=\"\u0160t\u00fdlov\u00e1 stoli\u010dka s pr\u00e9miov\u00fdm zamatov\u00fdm \u010dal\u00fanen\u00edm. Kon\u0161trukcia: nerezov\u00e1 oce\u013e - zlat\u00e1. Rozmery: 50x50x77 cm. Dostupn\u00e9 vo farb\u00e1ch ru\u017eov\u00e1\/biela.\" \/>\n<meta name=\"robots\" content=\"index, follow, max-snippet:-1, max-image-preview:large, max-video-preview:-1\" \/>\n<link rel=\"canonical\" href=\"https:\/\/endless.sk\/en\/rental\/konstrukcie-a-mobiliar\/stolicky\/biela-stolicka-koya-velvet\/\" \/>\n<meta property=\"og:locale\" content=\"en_GB\" \/>\n<meta property=\"og:type\" content=\"article\" \/>\n<meta property=\"og:title\" content=\"Biela\/ru\u017eov\u00e1 stoli\u010dka velvet &#8226; Endless\" \/>\n<meta property=\"og:description\" content=\"\u0160t\u00fdlov\u00e1 stoli\u010dka s pr\u00e9miov\u00fdm zamatov\u00fdm \u010dal\u00fanen\u00edm. Kon\u0161trukcia: nerezov\u00e1 oce\u013e - zlat\u00e1. Rozmery: 50x50x77 cm. Dostupn\u00e9 vo farb\u00e1ch ru\u017eov\u00e1\/biela.\" \/>\n<meta property=\"og:url\" content=\"https:\/\/endless.sk\/en\/rental\/konstrukcie-a-mobiliar\/stolicky\/biela-stolicka-koya-velvet\/\" \/>\n<meta property=\"og:site_name\" content=\"Endless\" \/>\n<meta property=\"article:publisher\" content=\"https:\/\/www.facebook.com\/endlessweddingdecoration\/\" \/>\n<meta property=\"article:modified_time\" content=\"2026-04-07T12:31:42+00:00\" \/>\n<meta property=\"og:image\" content=\"https:\/\/endless.sk\/wp-content\/uploads\/2025\/09\/Stolicky_velvet-2.png\" \/>\n\t<meta property=\"og:image:width\" content=\"1080\" \/>\n\t<meta property=\"og:image:height\" content=\"1080\" \/>\n\t<meta property=\"og:image:type\" content=\"image\/png\" \/>\n<meta name=\"twitter:card\" content=\"summary_large_image\" \/>\n<meta name=\"twitter:label1\" content=\"Estimated reading time\" \/>\n\t<meta name=\"twitter:data1\" content=\"1 minute\" \/>\n<script type=\"application\/ld+json\" class=\"yoast-schema-graph\">{\"@context\":\"https:\/\/schema.org\",\"@graph\":[{\"@type\":\"WebPage\",\"@id\":\"https:\/\/endless.sk\/rental\/konstrukcie-a-mobiliar\/stolicky\/biela-stolicka-koya-velvet\/\",\"url\":\"https:\/\/endless.sk\/rental\/konstrukcie-a-mobiliar\/stolicky\/biela-stolicka-koya-velvet\/\",\"name\":\"Biela\/ru\u017eov\u00e1 stoli\u010dka velvet &#8226; Endless\",\"isPartOf\":{\"@id\":\"https:\/\/endless.sk\/#website\"},\"primaryImageOfPage\":{\"@id\":\"https:\/\/endless.sk\/rental\/konstrukcie-a-mobiliar\/stolicky\/biela-stolicka-koya-velvet\/#primaryimage\"},\"image\":{\"@id\":\"https:\/\/endless.sk\/rental\/konstrukcie-a-mobiliar\/stolicky\/biela-stolicka-koya-velvet\/#primaryimage\"},\"thumbnailUrl\":\"https:\/\/endless.sk\/wp-content\/uploads\/2025\/09\/Stolicky_velvet-2.png\",\"datePublished\":\"2025-09-18T16:36:41+00:00\",\"dateModified\":\"2026-04-07T12:31:42+00:00\",\"description\":\"\u0160t\u00fdlov\u00e1 stoli\u010dka s pr\u00e9miov\u00fdm zamatov\u00fdm \u010dal\u00fanen\u00edm. Kon\u0161trukcia: nerezov\u00e1 oce\u013e - zlat\u00e1. Rozmery: 50x50x77 cm. Dostupn\u00e9 vo farb\u00e1ch ru\u017eov\u00e1\/biela.\",\"breadcrumb\":{\"@id\":\"https:\/\/endless.sk\/rental\/konstrukcie-a-mobiliar\/stolicky\/biela-stolicka-koya-velvet\/#breadcrumb\"},\"inLanguage\":\"en-GB\",\"potentialAction\":[{\"@type\":\"ReadAction\",\"target\":[\"https:\/\/endless.sk\/rental\/konstrukcie-a-mobiliar\/stolicky\/biela-stolicka-koya-velvet\/\"]}]},{\"@type\":\"ImageObject\",\"inLanguage\":\"en-GB\",\"@id\":\"https:\/\/endless.sk\/rental\/konstrukcie-a-mobiliar\/stolicky\/biela-stolicka-koya-velvet\/#primaryimage\",\"url\":\"https:\/\/endless.sk\/wp-content\/uploads\/2025\/09\/Stolicky_velvet-2.png\",\"contentUrl\":\"https:\/\/endless.sk\/wp-content\/uploads\/2025\/09\/Stolicky_velvet-2.png\",\"width\":1080,\"height\":1080},{\"@type\":\"BreadcrumbList\",\"@id\":\"https:\/\/endless.sk\/rental\/konstrukcie-a-mobiliar\/stolicky\/biela-stolicka-koya-velvet\/#breadcrumb\",\"itemListElement\":[{\"@type\":\"ListItem\",\"position\":1,\"name\":\"Home\",\"item\":\"https:\/\/endless.sk\/\"},{\"@type\":\"ListItem\",\"position\":2,\"name\":\"PREN\u00c1JOM INVENT\u00c1RA\",\"item\":\"https:\/\/endless.sk\/prenajom-inventara\/\"},{\"@type\":\"ListItem\",\"position\":3,\"name\":\"Biela\/ru\u017eov\u00e1 stoli\u010dka velvet\"}]},{\"@type\":\"WebSite\",\"@id\":\"https:\/\/endless.sk\/#website\",\"url\":\"https:\/\/endless.sk\/\",\"name\":\"ENDLESS\",\"description\":\"Svadobn\u00e1 agen\u00fatra\",\"publisher\":{\"@id\":\"https:\/\/endless.sk\/#organization\"},\"potentialAction\":[{\"@type\":\"SearchAction\",\"target\":{\"@type\":\"EntryPoint\",\"urlTemplate\":\"https:\/\/endless.sk\/?s={search_term_string}\"},\"query-input\":{\"@type\":\"PropertyValueSpecification\",\"valueRequired\":true,\"valueName\":\"search_term_string\"}}],\"inLanguage\":\"en-GB\"},{\"@type\":\"Organization\",\"@id\":\"https:\/\/endless.sk\/#organization\",\"name\":\"ENDLESS \u2022 Wedding & Event Decor\",\"url\":\"https:\/\/endless.sk\/\",\"logo\":{\"@type\":\"ImageObject\",\"inLanguage\":\"en-GB\",\"@id\":\"https:\/\/endless.sk\/#\/schema\/logo\/image\/\",\"url\":\"https:\/\/endless.sk\/wp-content\/uploads\/2020\/04\/Whole-logo-e1587150046273.jpg\",\"contentUrl\":\"https:\/\/endless.sk\/wp-content\/uploads\/2020\/04\/Whole-logo-e1587150046273.jpg\",\"width\":2422,\"height\":2246,\"caption\":\"ENDLESS \u2022 Wedding & Event Decor\"},\"image\":{\"@id\":\"https:\/\/endless.sk\/#\/schema\/logo\/image\/\"},\"sameAs\":[\"https:\/\/www.facebook.com\/endlessweddingdecoration\/\",\"https:\/\/www.instagram.com\/endless_weddingdecoration\/\"]}]}<\/script>\n<!-- \/ Yoast SEO plugin. -->","yoast_head_json":{"title":"Biela\/ru\u017eov\u00e1 stoli\u010dka velvet &#8226; Endless","description":"\u0160t\u00fdlov\u00e1 stoli\u010dka s pr\u00e9miov\u00fdm zamatov\u00fdm \u010dal\u00fanen\u00edm. Kon\u0161trukcia: nerezov\u00e1 oce\u013e - zlat\u00e1. Rozmery: 50x50x77 cm. Dostupn\u00e9 vo farb\u00e1ch ru\u017eov\u00e1\/biela.","robots":{"index":"index","follow":"follow","max-snippet":"max-snippet:-1","max-image-preview":"max-image-preview:large","max-video-preview":"max-video-preview:-1"},"canonical":"https:\/\/endless.sk\/en\/rental\/konstrukcie-a-mobiliar\/stolicky\/biela-stolicka-koya-velvet\/","og_locale":"en_GB","og_type":"article","og_title":"Biela\/ru\u017eov\u00e1 stoli\u010dka velvet &#8226; Endless","og_description":"\u0160t\u00fdlov\u00e1 stoli\u010dka s pr\u00e9miov\u00fdm zamatov\u00fdm \u010dal\u00fanen\u00edm. Kon\u0161trukcia: nerezov\u00e1 oce\u013e - zlat\u00e1. Rozmery: 50x50x77 cm. Dostupn\u00e9 vo farb\u00e1ch ru\u017eov\u00e1\/biela.","og_url":"https:\/\/endless.sk\/en\/rental\/konstrukcie-a-mobiliar\/stolicky\/biela-stolicka-koya-velvet\/","og_site_name":"Endless","article_publisher":"https:\/\/www.facebook.com\/endlessweddingdecoration\/","article_modified_time":"2026-04-07T12:31:42+00:00","og_image":[{"width":1080,"height":1080,"url":"https:\/\/endless.sk\/wp-content\/uploads\/2025\/09\/Stolicky_velvet-2.png","type":"image\/png"}],"twitter_card":"summary_large_image","twitter_misc":{"Estimated reading time":"1 minute"},"schema":{"@context":"https:\/\/schema.org","@graph":[{"@type":"WebPage","@id":"https:\/\/endless.sk\/rental\/konstrukcie-a-mobiliar\/stolicky\/biela-stolicka-koya-velvet\/","url":"https:\/\/endless.sk\/rental\/konstrukcie-a-mobiliar\/stolicky\/biela-stolicka-koya-velvet\/","name":"Biela\/ru\u017eov\u00e1 stoli\u010dka velvet &#8226; Endless","isPartOf":{"@id":"https:\/\/endless.sk\/#website"},"primaryImageOfPage":{"@id":"https:\/\/endless.sk\/rental\/konstrukcie-a-mobiliar\/stolicky\/biela-stolicka-koya-velvet\/#primaryimage"},"image":{"@id":"https:\/\/endless.sk\/rental\/konstrukcie-a-mobiliar\/stolicky\/biela-stolicka-koya-velvet\/#primaryimage"},"thumbnailUrl":"https:\/\/endless.sk\/wp-content\/uploads\/2025\/09\/Stolicky_velvet-2.png","datePublished":"2025-09-18T16:36:41+00:00","dateModified":"2026-04-07T12:31:42+00:00","description":"\u0160t\u00fdlov\u00e1 stoli\u010dka s pr\u00e9miov\u00fdm zamatov\u00fdm \u010dal\u00fanen\u00edm. Kon\u0161trukcia: nerezov\u00e1 oce\u013e - zlat\u00e1. Rozmery: 50x50x77 cm. Dostupn\u00e9 vo farb\u00e1ch ru\u017eov\u00e1\/biela.","breadcrumb":{"@id":"https:\/\/endless.sk\/rental\/konstrukcie-a-mobiliar\/stolicky\/biela-stolicka-koya-velvet\/#breadcrumb"},"inLanguage":"en-GB","potentialAction":[{"@type":"ReadAction","target":["https:\/\/endless.sk\/rental\/konstrukcie-a-mobiliar\/stolicky\/biela-stolicka-koya-velvet\/"]}]},{"@type":"ImageObject","inLanguage":"en-GB","@id":"https:\/\/endless.sk\/rental\/konstrukcie-a-mobiliar\/stolicky\/biela-stolicka-koya-velvet\/#primaryimage","url":"https:\/\/endless.sk\/wp-content\/uploads\/2025\/09\/Stolicky_velvet-2.png","contentUrl":"https:\/\/endless.sk\/wp-content\/uploads\/2025\/09\/Stolicky_velvet-2.png","width":1080,"height":1080},{"@type":"BreadcrumbList","@id":"https:\/\/endless.sk\/rental\/konstrukcie-a-mobiliar\/stolicky\/biela-stolicka-koya-velvet\/#breadcrumb","itemListElement":[{"@type":"ListItem","position":1,"name":"Home","item":"https:\/\/endless.sk\/"},{"@type":"ListItem","position":2,"name":"PREN\u00c1JOM INVENT\u00c1RA","item":"https:\/\/endless.sk\/prenajom-inventara\/"},{"@type":"ListItem","position":3,"name":"Biela\/ru\u017eov\u00e1 stoli\u010dka velvet"}]},{"@type":"WebSite","@id":"https:\/\/endless.sk\/#website","url":"https:\/\/endless.sk\/","name":"ENDLESS","description":"Svadobn\u00e1 agen\u00fatra","publisher":{"@id":"https:\/\/endless.sk\/#organization"},"potentialAction":[{"@type":"SearchAction","target":{"@type":"EntryPoint","urlTemplate":"https:\/\/endless.sk\/?s={search_term_string}"},"query-input":{"@type":"PropertyValueSpecification","valueRequired":true,"valueName":"search_term_string"}}],"inLanguage":"en-GB"},{"@type":"Organization","@id":"https:\/\/endless.sk\/#organization","name":"ENDLESS \u2022 Wedding & Event Decor","url":"https:\/\/endless.sk\/","logo":{"@type":"ImageObject","inLanguage":"en-GB","@id":"https:\/\/endless.sk\/#\/schema\/logo\/image\/","url":"https:\/\/endless.sk\/wp-content\/uploads\/2020\/04\/Whole-logo-e1587150046273.jpg","contentUrl":"https:\/\/endless.sk\/wp-content\/uploads\/2020\/04\/Whole-logo-e1587150046273.jpg","width":2422,"height":2246,"caption":"ENDLESS \u2022 Wedding & Event Decor"},"image":{"@id":"https:\/\/endless.sk\/#\/schema\/logo\/image\/"},"sameAs":["https:\/\/www.facebook.com\/endlessweddingdecoration\/","https:\/\/www.instagram.com\/endless_weddingdecoration\/"]}]}},"jetpack_sharing_enabled":true,"_links":{"self":[{"href":"https:\/\/endless.sk\/en\/wp-json\/wp\/v2\/product\/5762","targetHints":{"allow":["GET"]}}],"collection":[{"href":"https:\/\/endless.sk\/en\/wp-json\/wp\/v2\/product"}],"about":[{"href":"https:\/\/endless.sk\/en\/wp-json\/wp\/v2\/types\/product"}],"wp:featuredmedia":[{"embeddable":true,"href":"https:\/\/endless.sk\/en\/wp-json\/wp\/v2\/media\/6570"}],"wp:attachment":[{"href":"https:\/\/endless.sk\/en\/wp-json\/wp\/v2\/media?parent=5762"}],"wp:term":[{"taxonomy":"product_brand","embeddable":true,"href":"https:\/\/endless.sk\/en\/wp-json\/wp\/v2\/product_brand?post=5762"},{"taxonomy":"product_cat","embeddable":true,"href":"https:\/\/endless.sk\/en\/wp-json\/wp\/v2\/product_cat?post=5762"},{"taxonomy":"product_tag","embeddable":true,"href":"https:\/\/endless.sk\/en\/wp-json\/wp\/v2\/product_tag?post=5762"}],"curies":[{"name":"wp","href":"https:\/\/api.w.org\/{rel}","templated":true}]}}