{"id":6717,"date":"2026-03-29T14:54:29","date_gmt":"2026-03-29T12:54:29","guid":{"rendered":"https:\/\/endless.sk\/?post_type=product&#038;p=6717"},"modified":"2026-03-29T15:01:23","modified_gmt":"2026-03-29T13:01:23","slug":"vintage-kvetinac","status":"publish","type":"product","link":"https:\/\/endless.sk\/en\/rental\/stolovanie\/vazy\/vintage-kvetinac\/","title":{"rendered":"Vintage kvetin\u00e1\u010d"},"content":{"rendered":"<p><span>V\u00fdrazn\u00fd kvetin\u00e1\u010d, ktor\u00fd je ide\u00e1lny do interi\u00e9ru aj exteri\u00e9ru. Kvetin\u00e1\u010d s patinou vo vintage \u0161t\u00fdle.<\/span><\/p>\n<div class=\"elementWrapper\">\n<div class=\"elementsLib\">\n<div class=\"list_elem\"><b>\u0160\u00edrka:<\/b><span>\u00a0<\/span><span>28 cm<\/span><\/div>\n<\/div>\n<\/div>\n<div class=\"elementWrapper\">\n<div class=\"elementsLib\">\n<div class=\"list_elem\"><b>H\u013abka:<\/b><span>\u00a0<\/span><span>28 cm<\/span><\/div>\n<\/div>\n<\/div>\n<div class=\"elementWrapper\">\n<div class=\"elementsLib\"><b>V\u00fd\u0161ka:<\/b>\u00a043 cm<\/div>\n<\/div>\n<h2 class=\"featured-label-title b-header1_semibold\"><\/h2>","protected":false},"excerpt":{"rendered":"<p>Zlat\u00e1 v\u00e1zi\u010dka so zrkadlov\u00fdm efektom.<\/p>","protected":false},"featured_media":6718,"template":"","meta":{"_acf_changed":false,"_exactmetrics_skip_tracking":false,"_exactmetrics_sitenote_active":false,"_exactmetrics_sitenote_note":"","_exactmetrics_sitenote_category":0},"product_brand":[],"product_cat":[21],"product_tag":[],"class_list":{"0":"post-6717","1":"product","2":"type-product","3":"status-publish","4":"has-post-thumbnail","6":"product_cat-vazy","8":"first","9":"instock","10":"shipping-taxable","11":"purchasable","12":"product-type-simple"},"supplier_id":null,"supplier_sku":"","barcode":null,"atum_controlled":true,"out_stock_date":null,"out_stock_threshold":null,"inheritable":false,"inbound_stock":null,"stock_on_hold":0,"sold_today":0,"sales_last_days":0,"reserved_stock":null,"customer_returns":null,"warehouse_damage":null,"lost_in_post":null,"other_logs":null,"out_stock_days":0,"lost_sales":0,"has_location":false,"update_date":"2026-04-29T03:40:24","atum_locations":[],"atum_stock_status":"instock","restock_status":false,"low_stock_amount":"","sales_update_date":"2026-04-29T03:40:24","calc_backorders":null,"acf":[],"yoast_head":"<!-- This site is optimized with the Yoast SEO plugin v27.0 - https:\/\/yoast.com\/product\/yoast-seo-wordpress\/ -->\n<title>Vintage kvetin\u00e1\u010d &#8226; Endless<\/title>\n<meta name=\"robots\" content=\"index, follow, max-snippet:-1, max-image-preview:large, max-video-preview:-1\" \/>\n<link rel=\"canonical\" href=\"https:\/\/endless.sk\/en\/rental\/stolovanie\/vazy\/vintage-kvetinac\/\" \/>\n<meta property=\"og:locale\" content=\"en_GB\" \/>\n<meta property=\"og:type\" content=\"article\" \/>\n<meta property=\"og:title\" content=\"Vintage kvetin\u00e1\u010d &#8226; Endless\" \/>\n<meta property=\"og:description\" content=\"Zlat\u00e1 v\u00e1zi\u010dka so zrkadlov\u00fdm efektom.\" \/>\n<meta property=\"og:url\" content=\"https:\/\/endless.sk\/en\/rental\/stolovanie\/vazy\/vintage-kvetinac\/\" \/>\n<meta property=\"og:site_name\" content=\"Endless\" \/>\n<meta property=\"article:publisher\" content=\"https:\/\/www.facebook.com\/endlessweddingdecoration\/\" \/>\n<meta property=\"article:modified_time\" content=\"2026-03-29T13:01:23+00:00\" \/>\n<meta property=\"og:image\" content=\"https:\/\/endless.sk\/wp-content\/uploads\/2026\/03\/Kameninova_Vaza.png\" \/>\n\t<meta property=\"og:image:width\" content=\"1024\" \/>\n\t<meta property=\"og:image:height\" content=\"1536\" \/>\n\t<meta property=\"og:image:type\" content=\"image\/png\" \/>\n<meta name=\"twitter:card\" content=\"summary_large_image\" \/>\n<meta name=\"twitter:label1\" content=\"Estimated reading time\" \/>\n\t<meta name=\"twitter:data1\" content=\"1 minute\" \/>\n<script type=\"application\/ld+json\" class=\"yoast-schema-graph\">{\"@context\":\"https:\/\/schema.org\",\"@graph\":[{\"@type\":\"WebPage\",\"@id\":\"https:\/\/endless.sk\/rental\/stolovanie\/vazy\/vintage-kvetinac\/\",\"url\":\"https:\/\/endless.sk\/rental\/stolovanie\/vazy\/vintage-kvetinac\/\",\"name\":\"Vintage kvetin\u00e1\u010d &#8226; Endless\",\"isPartOf\":{\"@id\":\"https:\/\/endless.sk\/#website\"},\"primaryImageOfPage\":{\"@id\":\"https:\/\/endless.sk\/rental\/stolovanie\/vazy\/vintage-kvetinac\/#primaryimage\"},\"image\":{\"@id\":\"https:\/\/endless.sk\/rental\/stolovanie\/vazy\/vintage-kvetinac\/#primaryimage\"},\"thumbnailUrl\":\"https:\/\/endless.sk\/wp-content\/uploads\/2026\/03\/Kameninova_Vaza.png\",\"datePublished\":\"2026-03-29T12:54:29+00:00\",\"dateModified\":\"2026-03-29T13:01:23+00:00\",\"breadcrumb\":{\"@id\":\"https:\/\/endless.sk\/rental\/stolovanie\/vazy\/vintage-kvetinac\/#breadcrumb\"},\"inLanguage\":\"en-GB\",\"potentialAction\":[{\"@type\":\"ReadAction\",\"target\":[\"https:\/\/endless.sk\/rental\/stolovanie\/vazy\/vintage-kvetinac\/\"]}]},{\"@type\":\"ImageObject\",\"inLanguage\":\"en-GB\",\"@id\":\"https:\/\/endless.sk\/rental\/stolovanie\/vazy\/vintage-kvetinac\/#primaryimage\",\"url\":\"https:\/\/endless.sk\/wp-content\/uploads\/2026\/03\/Kameninova_Vaza.png\",\"contentUrl\":\"https:\/\/endless.sk\/wp-content\/uploads\/2026\/03\/Kameninova_Vaza.png\",\"width\":1024,\"height\":1536},{\"@type\":\"BreadcrumbList\",\"@id\":\"https:\/\/endless.sk\/rental\/stolovanie\/vazy\/vintage-kvetinac\/#breadcrumb\",\"itemListElement\":[{\"@type\":\"ListItem\",\"position\":1,\"name\":\"Home\",\"item\":\"https:\/\/endless.sk\/\"},{\"@type\":\"ListItem\",\"position\":2,\"name\":\"PREN\u00c1JOM INVENT\u00c1RA\",\"item\":\"https:\/\/endless.sk\/prenajom-inventara\/\"},{\"@type\":\"ListItem\",\"position\":3,\"name\":\"Vintage kvetin\u00e1\u010d\"}]},{\"@type\":\"WebSite\",\"@id\":\"https:\/\/endless.sk\/#website\",\"url\":\"https:\/\/endless.sk\/\",\"name\":\"ENDLESS\",\"description\":\"Svadobn\u00e1 agen\u00fatra\",\"publisher\":{\"@id\":\"https:\/\/endless.sk\/#organization\"},\"potentialAction\":[{\"@type\":\"SearchAction\",\"target\":{\"@type\":\"EntryPoint\",\"urlTemplate\":\"https:\/\/endless.sk\/?s={search_term_string}\"},\"query-input\":{\"@type\":\"PropertyValueSpecification\",\"valueRequired\":true,\"valueName\":\"search_term_string\"}}],\"inLanguage\":\"en-GB\"},{\"@type\":\"Organization\",\"@id\":\"https:\/\/endless.sk\/#organization\",\"name\":\"ENDLESS \u2022 Wedding & Event Decor\",\"url\":\"https:\/\/endless.sk\/\",\"logo\":{\"@type\":\"ImageObject\",\"inLanguage\":\"en-GB\",\"@id\":\"https:\/\/endless.sk\/#\/schema\/logo\/image\/\",\"url\":\"https:\/\/endless.sk\/wp-content\/uploads\/2020\/04\/Whole-logo-e1587150046273.jpg\",\"contentUrl\":\"https:\/\/endless.sk\/wp-content\/uploads\/2020\/04\/Whole-logo-e1587150046273.jpg\",\"width\":2422,\"height\":2246,\"caption\":\"ENDLESS \u2022 Wedding & Event Decor\"},\"image\":{\"@id\":\"https:\/\/endless.sk\/#\/schema\/logo\/image\/\"},\"sameAs\":[\"https:\/\/www.facebook.com\/endlessweddingdecoration\/\",\"https:\/\/www.instagram.com\/endless_weddingdecoration\/\"]}]}<\/script>\n<!-- \/ Yoast SEO plugin. -->","yoast_head_json":{"title":"Vintage kvetin\u00e1\u010d &#8226; Endless","robots":{"index":"index","follow":"follow","max-snippet":"max-snippet:-1","max-image-preview":"max-image-preview:large","max-video-preview":"max-video-preview:-1"},"canonical":"https:\/\/endless.sk\/en\/rental\/stolovanie\/vazy\/vintage-kvetinac\/","og_locale":"en_GB","og_type":"article","og_title":"Vintage kvetin\u00e1\u010d &#8226; Endless","og_description":"Zlat\u00e1 v\u00e1zi\u010dka so zrkadlov\u00fdm efektom.","og_url":"https:\/\/endless.sk\/en\/rental\/stolovanie\/vazy\/vintage-kvetinac\/","og_site_name":"Endless","article_publisher":"https:\/\/www.facebook.com\/endlessweddingdecoration\/","article_modified_time":"2026-03-29T13:01:23+00:00","og_image":[{"width":1024,"height":1536,"url":"https:\/\/endless.sk\/wp-content\/uploads\/2026\/03\/Kameninova_Vaza.png","type":"image\/png"}],"twitter_card":"summary_large_image","twitter_misc":{"Estimated reading time":"1 minute"},"schema":{"@context":"https:\/\/schema.org","@graph":[{"@type":"WebPage","@id":"https:\/\/endless.sk\/rental\/stolovanie\/vazy\/vintage-kvetinac\/","url":"https:\/\/endless.sk\/rental\/stolovanie\/vazy\/vintage-kvetinac\/","name":"Vintage kvetin\u00e1\u010d &#8226; Endless","isPartOf":{"@id":"https:\/\/endless.sk\/#website"},"primaryImageOfPage":{"@id":"https:\/\/endless.sk\/rental\/stolovanie\/vazy\/vintage-kvetinac\/#primaryimage"},"image":{"@id":"https:\/\/endless.sk\/rental\/stolovanie\/vazy\/vintage-kvetinac\/#primaryimage"},"thumbnailUrl":"https:\/\/endless.sk\/wp-content\/uploads\/2026\/03\/Kameninova_Vaza.png","datePublished":"2026-03-29T12:54:29+00:00","dateModified":"2026-03-29T13:01:23+00:00","breadcrumb":{"@id":"https:\/\/endless.sk\/rental\/stolovanie\/vazy\/vintage-kvetinac\/#breadcrumb"},"inLanguage":"en-GB","potentialAction":[{"@type":"ReadAction","target":["https:\/\/endless.sk\/rental\/stolovanie\/vazy\/vintage-kvetinac\/"]}]},{"@type":"ImageObject","inLanguage":"en-GB","@id":"https:\/\/endless.sk\/rental\/stolovanie\/vazy\/vintage-kvetinac\/#primaryimage","url":"https:\/\/endless.sk\/wp-content\/uploads\/2026\/03\/Kameninova_Vaza.png","contentUrl":"https:\/\/endless.sk\/wp-content\/uploads\/2026\/03\/Kameninova_Vaza.png","width":1024,"height":1536},{"@type":"BreadcrumbList","@id":"https:\/\/endless.sk\/rental\/stolovanie\/vazy\/vintage-kvetinac\/#breadcrumb","itemListElement":[{"@type":"ListItem","position":1,"name":"Home","item":"https:\/\/endless.sk\/"},{"@type":"ListItem","position":2,"name":"PREN\u00c1JOM INVENT\u00c1RA","item":"https:\/\/endless.sk\/prenajom-inventara\/"},{"@type":"ListItem","position":3,"name":"Vintage kvetin\u00e1\u010d"}]},{"@type":"WebSite","@id":"https:\/\/endless.sk\/#website","url":"https:\/\/endless.sk\/","name":"ENDLESS","description":"Svadobn\u00e1 agen\u00fatra","publisher":{"@id":"https:\/\/endless.sk\/#organization"},"potentialAction":[{"@type":"SearchAction","target":{"@type":"EntryPoint","urlTemplate":"https:\/\/endless.sk\/?s={search_term_string}"},"query-input":{"@type":"PropertyValueSpecification","valueRequired":true,"valueName":"search_term_string"}}],"inLanguage":"en-GB"},{"@type":"Organization","@id":"https:\/\/endless.sk\/#organization","name":"ENDLESS \u2022 Wedding & Event Decor","url":"https:\/\/endless.sk\/","logo":{"@type":"ImageObject","inLanguage":"en-GB","@id":"https:\/\/endless.sk\/#\/schema\/logo\/image\/","url":"https:\/\/endless.sk\/wp-content\/uploads\/2020\/04\/Whole-logo-e1587150046273.jpg","contentUrl":"https:\/\/endless.sk\/wp-content\/uploads\/2020\/04\/Whole-logo-e1587150046273.jpg","width":2422,"height":2246,"caption":"ENDLESS \u2022 Wedding & Event Decor"},"image":{"@id":"https:\/\/endless.sk\/#\/schema\/logo\/image\/"},"sameAs":["https:\/\/www.facebook.com\/endlessweddingdecoration\/","https:\/\/www.instagram.com\/endless_weddingdecoration\/"]}]}},"jetpack_sharing_enabled":true,"_links":{"self":[{"href":"https:\/\/endless.sk\/en\/wp-json\/wp\/v2\/product\/6717","targetHints":{"allow":["GET"]}}],"collection":[{"href":"https:\/\/endless.sk\/en\/wp-json\/wp\/v2\/product"}],"about":[{"href":"https:\/\/endless.sk\/en\/wp-json\/wp\/v2\/types\/product"}],"wp:featuredmedia":[{"embeddable":true,"href":"https:\/\/endless.sk\/en\/wp-json\/wp\/v2\/media\/6718"}],"wp:attachment":[{"href":"https:\/\/endless.sk\/en\/wp-json\/wp\/v2\/media?parent=6717"}],"wp:term":[{"taxonomy":"product_brand","embeddable":true,"href":"https:\/\/endless.sk\/en\/wp-json\/wp\/v2\/product_brand?post=6717"},{"taxonomy":"product_cat","embeddable":true,"href":"https:\/\/endless.sk\/en\/wp-json\/wp\/v2\/product_cat?post=6717"},{"taxonomy":"product_tag","embeddable":true,"href":"https:\/\/endless.sk\/en\/wp-json\/wp\/v2\/product_tag?post=6717"}],"curies":[{"name":"wp","href":"https:\/\/api.w.org\/{rel}","templated":true}]}}